{"id":3,"date":"2025-07-18T01:34:24","date_gmt":"2025-07-18T01:34:24","guid":{"rendered":"https:\/\/northa.growdevs.com\/?page_id=3"},"modified":"2026-01-05T20:36:53","modified_gmt":"2026-01-05T20:36:53","slug":"zasady-ochrany-osobnich-udaju","status":"publish","type":"page","link":"https:\/\/northa.growdevs.com\/cs\/zasady-ochrany-osobnich-udaju\/","title":{"rendered":"Z\u00e1sady ochrany osobn\u00edch \u00fadaj\u016f"},"content":{"rendered":"<h1 class=\"gb-text\">Z\u00e1sady ochrany osobn\u00edch \u00fadaj\u016f<\/h1>\n\n\n\n<p>Na adrese&nbsp;<strong>Severn\u00ed Alb\u00e1nie Lo\u010f<\/strong>, v\u00e1\u017e\u00edme si va\u0161eho soukrom\u00ed a zavazujeme se chr\u00e1nit va\u0161e osobn\u00ed \u00fadaje. Tyto z\u00e1sady ochrany osobn\u00edch \u00fadaj\u016f popisuj\u00ed, jak shroma\u017e\u010fujeme, pou\u017e\u00edv\u00e1me a chr\u00e1n\u00edme va\u0161e \u00fadaje p\u0159i n\u00e1v\u0161t\u011bv\u011b na\u0161ich webov\u00fdch str\u00e1nek, rezervaci prohl\u00eddky nebo interakci s na\u0161imi slu\u017ebami.<\/p>\n\n\n\n<p><strong>1. Informace, kter\u00e9 shroma\u017e\u010fujeme<\/strong><\/p>\n\n\n\n<p>M\u016f\u017eeme shroma\u017e\u010fovat n\u00e1sleduj\u00edc\u00ed typy osobn\u00edch \u00fadaj\u016f:<\/p>\n\n\n\n<ul class=\"wp-block-list\">\n<li><strong>Osobn\u00ed identifika\u010dn\u00ed \u00fadaje<\/strong>: Jm\u00e9no, e-mailov\u00e1 adresa, telefonn\u00ed \u010d\u00edslo, adresa atd., kdy\u017e si rezervujete prohl\u00eddku nebo n\u00e1s kontaktujete.<\/li>\n\n\n\n<li><strong>Data protokolu<\/strong>: Informace odeslan\u00e9 va\u0161\u00edm prohl\u00ed\u017ee\u010dem p\u0159i n\u00e1v\u0161t\u011bv\u011b na\u0161ich webov\u00fdch str\u00e1nek, v\u010detn\u011b IP adres, typ\u016f prohl\u00ed\u017ee\u010d\u016f, nav\u0161t\u00edven\u00fdch str\u00e1nek a \u010dasu p\u0159\u00edstupu.<\/li>\n<\/ul>\n\n\n\n<p><strong>2. Jak pou\u017e\u00edv\u00e1me va\u0161e informace<\/strong><\/p>\n\n\n\n<p>Shrom\u00e1\u017ed\u011bn\u00e9 informace pou\u017e\u00edv\u00e1me k n\u00e1sleduj\u00edc\u00edm \u00fa\u010del\u016fm:<\/p>\n\n\n\n<ul class=\"wp-block-list\">\n<li>Zpracov\u00e1n\u00ed rezervac\u00ed a potvrzen\u00ed rezervac\u00ed z\u00e1jezd\u016f.<\/li>\n\n\n\n<li>zas\u00edl\u00e1n\u00ed aktualizac\u00ed nebo propaga\u010dn\u00edch nab\u00eddek t\u00fdkaj\u00edc\u00edch se na\u0161ich z\u00e1jezd\u016f.<\/li>\n\n\n\n<li>Poskytovat z\u00e1kaznickou podporu a odpov\u00eddat na va\u0161e dotazy.<\/li>\n\n\n\n<li>Zlep\u0161ov\u00e1n\u00ed na\u0161ich webov\u00fdch str\u00e1nek, slu\u017eeb a zku\u0161enost\u00ed z\u00e1kazn\u00edk\u016f.<\/li>\n<\/ul>\n\n\n\n<p><strong>3. Jak chr\u00e1n\u00edme va\u0161e informace<\/strong><\/p>\n\n\n\n<p>P\u0159i zad\u00e1v\u00e1n\u00ed objedn\u00e1vky nebo p\u0159\u00edstupu k va\u0161im osobn\u00edm \u00fadaj\u016fm uplat\u0148ujeme r\u016fzn\u00e1 bezpe\u010dnostn\u00ed opat\u0159en\u00ed, abychom zajistili bezpe\u010dnost va\u0161ich osobn\u00edch \u00fadaj\u016f. Pat\u0159\u00ed sem zabezpe\u010den\u00e9 servery, \u0161ifrovan\u00e1 p\u0159ipojen\u00ed a omezen\u00ed p\u0159\u00edstupu.<\/p>\n\n\n\n<p><strong>4. Sd\u00edlen\u00ed va\u0161ich informac\u00ed<\/strong><\/p>\n\n\n\n<p>Va\u0161e osobn\u00ed \u00fadaje neprod\u00e1v\u00e1me, neobchodujeme s nimi ani je nepronaj\u00edm\u00e1me t\u0159et\u00edm stran\u00e1m. M\u016f\u017eeme v\u0161ak sd\u00edlet informace s d\u016fv\u011bryhodn\u00fdmi partnery a poskytovateli slu\u017eeb, kte\u0159\u00ed n\u00e1m pom\u00e1haj\u00ed s provozem na\u0161eho podniku, jako jsou zpracovatel\u00e9 plateb nebo poskytovatel\u00e9 e-mailov\u00fdch slu\u017eeb. Tyto t\u0159et\u00ed strany jsou povinny zachov\u00e1vat d\u016fv\u011brnost va\u0161ich \u00fadaj\u016f.<\/p>\n\n\n\n<p><strong>5. Soubory cookie<\/strong><\/p>\n\n\n\n<p>Na\u0161e webov\u00e9 str\u00e1nky mohou pou\u017e\u00edvat soubory cookie pro zlep\u0161en\u00ed u\u017eivatelsk\u00e9ho komfortu. Soubory cookie jsou mal\u00e9 soubory ulo\u017een\u00e9 ve va\u0161em za\u0159\u00edzen\u00ed, kter\u00e9 n\u00e1m pom\u00e1haj\u00ed zapamatovat si va\u0161e preference a zlep\u0161it funk\u010dnost. P\u0159edvolby soubor\u016f cookie m\u016f\u017eete spravovat prost\u0159ednictv\u00edm nastaven\u00ed prohl\u00ed\u017ee\u010de.<\/p>\n\n\n\n<p><strong>6. Odkazy t\u0159et\u00edch stran<\/strong><\/p>\n\n\n\n<p>Na\u0161e webov\u00e9 str\u00e1nky mohou obsahovat odkazy na webov\u00e9 str\u00e1nky t\u0159et\u00edch stran. Za ochranu osobn\u00edch \u00fadaj\u016f na t\u011bchto extern\u00edch str\u00e1nk\u00e1ch neodpov\u00edd\u00e1me. Doporu\u010dujeme v\u00e1m, abyste si p\u0159i n\u00e1v\u0161t\u011bv\u011b t\u011bchto webov\u00fdch str\u00e1nek p\u0159e\u010detli jejich z\u00e1sady ochrany osobn\u00edch \u00fadaj\u016f.<\/p>\n\n\n\n<p><strong>7. Va\u0161e pr\u00e1va<\/strong><\/p>\n\n\n\n<p>M\u00e1te pr\u00e1vo na:<\/p>\n\n\n\n<ul class=\"wp-block-list\">\n<li>P\u0159\u00edstup k va\u0161im osobn\u00edm \u00fadaj\u016fm, jejich aktualizace nebo opravy.<\/li>\n\n\n\n<li>po\u017e\u00e1dat o vymaz\u00e1n\u00ed sv\u00fdch \u00fadaj\u016f v souladu se z\u00e1konn\u00fdmi povinnostmi.<\/li>\n\n\n\n<li>Kdykoli se m\u016f\u017eete odhl\u00e1sit ze zas\u00edl\u00e1n\u00ed propaga\u010dn\u00edch e-mail\u016f kliknut\u00edm na tla\u010d\u00edtko \u201codhl\u00e1sit\u201d nebo n\u00e1s kontaktovat.<\/li>\n<\/ul>\n\n\n\n<p><strong>8. Zm\u011bny t\u011bchto z\u00e1sad ochrany osobn\u00edch \u00fadaj\u016f<\/strong><\/p>\n\n\n\n<p>Vyhrazujeme si pr\u00e1vo tyto z\u00e1sady ochrany osobn\u00edch \u00fadaj\u016f kdykoli aktualizovat. Ve\u0161ker\u00e9 zm\u011bny budou zve\u0159ejn\u011bny na t\u00e9to str\u00e1nce s datem aktualizace. Doporu\u010dujeme v\u00e1m, abyste tyto Z\u00e1sady ochrany osobn\u00edch \u00fadaj\u016f pravideln\u011b kontrolovali.<\/p>\n\n\n\n<p><strong>9. Kontaktujte n\u00e1s<\/strong><\/p>\n\n\n\n<p>Pokud m\u00e1te jak\u00e9koli dotazy nebo obavy t\u00fdkaj\u00edc\u00ed se t\u011bchto z\u00e1sad ochrany osobn\u00edch \u00fadaj\u016f nebo na\u0161ich postup\u016f, kontaktujte n\u00e1s na adrese:<\/p>\n\n\n\n<p><strong>Severn\u00ed Alb\u00e1nie Lo\u010f<\/strong><br>E-mail: info@northalbaniaboat.com<br>WhatsApp: +355 69 701 1334<br>Webov\u00e9 str\u00e1nky: https:\/\/northalbaniaboat.com\/<\/p>\n\n\n\n<p><\/p>","protected":false},"excerpt":{"rendered":"<p>Privacy Policy At&nbsp;North Albania Boat, we value your privacy and are committed to protecting your personal information. This Privacy Policy outlines how we collect, use, and protect your data when you visit our website, book a tour, or interact with our services. 1. Information We Collect We may collect the following types of personal information: &#8230; <a title=\"Z\u00e1sady ochrany osobn\u00edch \u00fadaj\u016f\" class=\"read-more\" href=\"https:\/\/northa.growdevs.com\/cs\/zasady-ochrany-osobnich-udaju\/\" aria-label=\"\u010c\u00edst v\u00edce o Privacy Policy\">\u010c\u00edst d\u00e1l<\/a><\/p>","protected":false},"author":1,"featured_media":0,"parent":0,"menu_order":0,"comment_status":"closed","ping_status":"open","template":"","meta":{"_acf_changed":false,"inline_featured_image":false,"footnotes":""},"class_list":["post-3","page","type-page","status-publish"],"acf":[],"yoast_head":"<!-- This site is optimized with the Yoast SEO plugin v26.3 - https:\/\/yoast.com\/wordpress\/plugins\/seo\/ -->\n<title>Privacy Policy - North Albania Boat<\/title>\n<meta name=\"robots\" content=\"index, follow, max-snippet:-1, max-image-preview:large, max-video-preview:-1\" \/>\n<link rel=\"canonical\" href=\"https:\/\/northa.growdevs.com\/cs\/zasady-ochrany-osobnich-udaju\/\" \/>\n<meta property=\"og:locale\" content=\"cs_CZ\" \/>\n<meta property=\"og:type\" content=\"article\" \/>\n<meta property=\"og:title\" content=\"Privacy Policy - North Albania Boat\" \/>\n<meta property=\"og:description\" content=\"Privacy Policy At&nbsp;North Albania Boat, we value your privacy and are committed to protecting your personal information. This Privacy Policy outlines how we collect, use, and protect your data when you visit our website, book a tour, or interact with our services. 1. Information We Collect We may collect the following types of personal information: ... \u010c\u00edst d\u00e1l\" \/>\n<meta property=\"og:url\" content=\"https:\/\/northa.growdevs.com\/cs\/zasady-ochrany-osobnich-udaju\/\" \/>\n<meta property=\"og:site_name\" content=\"North Albania Boat\" \/>\n<meta property=\"article:publisher\" content=\"https:\/\/www.facebook.com\/NorthAlbaniaBoat\/\" \/>\n<meta property=\"article:modified_time\" content=\"2026-01-05T20:36:53+00:00\" \/>\n<meta property=\"og:image\" content=\"https:\/\/northa.growdevs.com\/wp-content\/uploads\/2025\/07\/north-albania-slide-hq-scaled-1.jpg\" \/>\n\t<meta property=\"og:image:width\" content=\"2560\" \/>\n\t<meta property=\"og:image:height\" content=\"1465\" \/>\n\t<meta property=\"og:image:type\" content=\"image\/jpeg\" \/>\n<meta name=\"twitter:card\" content=\"summary_large_image\" \/>\n<meta name=\"twitter:site\" content=\"@NorthAlbBoat\" \/>\n<meta name=\"twitter:label1\" content=\"Odhadovan\u00e1 doba \u010dten\u00ed\" \/>\n\t<meta name=\"twitter:data1\" content=\"2 minuty\" \/>\n<script type=\"application\/ld+json\" class=\"yoast-schema-graph\">{\"@context\":\"https:\/\/schema.org\",\"@graph\":[{\"@type\":\"WebPage\",\"@id\":\"https:\/\/northa.growdevs.com\/privacy-policy\/\",\"url\":\"https:\/\/northa.growdevs.com\/privacy-policy\/\",\"name\":\"Privacy Policy - North Albania Boat\",\"isPartOf\":{\"@id\":\"https:\/\/northa.growdevs.com\/#website\"},\"datePublished\":\"2025-07-18T01:34:24+00:00\",\"dateModified\":\"2026-01-05T20:36:53+00:00\",\"breadcrumb\":{\"@id\":\"https:\/\/northa.growdevs.com\/privacy-policy\/#breadcrumb\"},\"inLanguage\":\"cs\",\"potentialAction\":[{\"@type\":\"ReadAction\",\"target\":[\"https:\/\/northa.growdevs.com\/privacy-policy\/\"]}]},{\"@type\":\"BreadcrumbList\",\"@id\":\"https:\/\/northa.growdevs.com\/privacy-policy\/#breadcrumb\",\"itemListElement\":[{\"@type\":\"ListItem\",\"position\":1,\"name\":\"Home\",\"item\":\"https:\/\/northa.growdevs.com\/\"},{\"@type\":\"ListItem\",\"position\":2,\"name\":\"Privacy Policy\"}]},{\"@type\":\"WebSite\",\"@id\":\"https:\/\/northa.growdevs.com\/#website\",\"url\":\"https:\/\/northa.growdevs.com\/\",\"name\":\"North Albania Boat\",\"description\":\"Visit Komani Lake and Shala River by Safari Boat\",\"publisher\":{\"@id\":\"https:\/\/northa.growdevs.com\/#organization\"},\"alternateName\":\"Komani Lake & Shala River Tours\",\"potentialAction\":[{\"@type\":\"SearchAction\",\"target\":{\"@type\":\"EntryPoint\",\"urlTemplate\":\"https:\/\/northa.growdevs.com\/?s={search_term_string}\"},\"query-input\":{\"@type\":\"PropertyValueSpecification\",\"valueRequired\":true,\"valueName\":\"search_term_string\"}}],\"inLanguage\":\"cs\"},{\"@type\":\"Organization\",\"@id\":\"https:\/\/northa.growdevs.com\/#organization\",\"name\":\"North Albania Boat\",\"url\":\"https:\/\/northa.growdevs.com\/\",\"logo\":{\"@type\":\"ImageObject\",\"inLanguage\":\"cs\",\"@id\":\"https:\/\/northa.growdevs.com\/#\/schema\/logo\/image\/\",\"url\":\"https:\/\/northa.growdevs.com\/wp-content\/uploads\/2025\/07\/logo.svg\",\"contentUrl\":\"https:\/\/northa.growdevs.com\/wp-content\/uploads\/2025\/07\/logo.svg\",\"width\":1280,\"height\":587,\"caption\":\"North Albania Boat\"},\"image\":{\"@id\":\"https:\/\/northa.growdevs.com\/#\/schema\/logo\/image\/\"},\"sameAs\":[\"https:\/\/www.facebook.com\/NorthAlbaniaBoat\/\",\"https:\/\/x.com\/NorthAlbBoat\",\"https:\/\/www.instagram.com\/northalbaniaboat\/\",\"https:\/\/www.youtube.com\/@NorthAlbaniaBoat\"]}]}<\/script>\n<!-- \/ Yoast SEO plugin. -->","yoast_head_json":{"title":"Z\u00e1sady ochrany osobn\u00edch \u00fadaj\u016f - Severn\u00ed Alb\u00e1nie","robots":{"index":"index","follow":"follow","max-snippet":"max-snippet:-1","max-image-preview":"max-image-preview:large","max-video-preview":"max-video-preview:-1"},"canonical":"https:\/\/northa.growdevs.com\/cs\/zasady-ochrany-osobnich-udaju\/","og_locale":"cs_CZ","og_type":"article","og_title":"Privacy Policy - North Albania Boat","og_description":"Privacy Policy At&nbsp;North Albania Boat, we value your privacy and are committed to protecting your personal information. This Privacy Policy outlines how we collect, use, and protect your data when you visit our website, book a tour, or interact with our services. 1. Information We Collect We may collect the following types of personal information: ... \u010c\u00edst d\u00e1l","og_url":"https:\/\/northa.growdevs.com\/cs\/zasady-ochrany-osobnich-udaju\/","og_site_name":"North Albania Boat","article_publisher":"https:\/\/www.facebook.com\/NorthAlbaniaBoat\/","article_modified_time":"2026-01-05T20:36:53+00:00","og_image":[{"width":2560,"height":1465,"url":"https:\/\/northa.growdevs.com\/wp-content\/uploads\/2025\/07\/north-albania-slide-hq-scaled-1.jpg","type":"image\/jpeg"}],"twitter_card":"summary_large_image","twitter_site":"@NorthAlbBoat","twitter_misc":{"Odhadovan\u00e1 doba \u010dten\u00ed":"2 minuty"},"schema":{"@context":"https:\/\/schema.org","@graph":[{"@type":"WebPage","@id":"https:\/\/northa.growdevs.com\/privacy-policy\/","url":"https:\/\/northa.growdevs.com\/privacy-policy\/","name":"Z\u00e1sady ochrany osobn\u00edch \u00fadaj\u016f - Severn\u00ed Alb\u00e1nie","isPartOf":{"@id":"https:\/\/northa.growdevs.com\/#website"},"datePublished":"2025-07-18T01:34:24+00:00","dateModified":"2026-01-05T20:36:53+00:00","breadcrumb":{"@id":"https:\/\/northa.growdevs.com\/privacy-policy\/#breadcrumb"},"inLanguage":"cs","potentialAction":[{"@type":"ReadAction","target":["https:\/\/northa.growdevs.com\/privacy-policy\/"]}]},{"@type":"BreadcrumbList","@id":"https:\/\/northa.growdevs.com\/privacy-policy\/#breadcrumb","itemListElement":[{"@type":"ListItem","position":1,"name":"Home","item":"https:\/\/northa.growdevs.com\/"},{"@type":"ListItem","position":2,"name":"Privacy Policy"}]},{"@type":"WebSite","@id":"https:\/\/northa.growdevs.com\/#website","url":"https:\/\/northa.growdevs.com\/","name":"Severn\u00ed Alb\u00e1nie Lo\u010f","description":"N\u00e1v\u0161t\u011bva jezera Komani a \u0159eky Shala na safari lodi","publisher":{"@id":"https:\/\/northa.growdevs.com\/#organization"},"alternateName":"Komani Lake & Shala River Tours","potentialAction":[{"@type":"SearchAction","target":{"@type":"EntryPoint","urlTemplate":"https:\/\/northa.growdevs.com\/?s={search_term_string}"},"query-input":{"@type":"PropertyValueSpecification","valueRequired":true,"valueName":"search_term_string"}}],"inLanguage":"cs"},{"@type":"Organization","@id":"https:\/\/northa.growdevs.com\/#organization","name":"Severn\u00ed Alb\u00e1nie Lo\u010f","url":"https:\/\/northa.growdevs.com\/","logo":{"@type":"ImageObject","inLanguage":"cs","@id":"https:\/\/northa.growdevs.com\/#\/schema\/logo\/image\/","url":"https:\/\/northa.growdevs.com\/wp-content\/uploads\/2025\/07\/logo.svg","contentUrl":"https:\/\/northa.growdevs.com\/wp-content\/uploads\/2025\/07\/logo.svg","width":1280,"height":587,"caption":"North Albania Boat"},"image":{"@id":"https:\/\/northa.growdevs.com\/#\/schema\/logo\/image\/"},"sameAs":["https:\/\/www.facebook.com\/NorthAlbaniaBoat\/","https:\/\/x.com\/NorthAlbBoat","https:\/\/www.instagram.com\/northalbaniaboat\/","https:\/\/www.youtube.com\/@NorthAlbaniaBoat"]}]}},"_links":{"self":[{"href":"https:\/\/northa.growdevs.com\/cs\/wp-json\/wp\/v2\/pages\/3","targetHints":{"allow":["GET"]}}],"collection":[{"href":"https:\/\/northa.growdevs.com\/cs\/wp-json\/wp\/v2\/pages"}],"about":[{"href":"https:\/\/northa.growdevs.com\/cs\/wp-json\/wp\/v2\/types\/page"}],"author":[{"embeddable":true,"href":"https:\/\/northa.growdevs.com\/cs\/wp-json\/wp\/v2\/users\/1"}],"replies":[{"embeddable":true,"href":"https:\/\/northa.growdevs.com\/cs\/wp-json\/wp\/v2\/comments?post=3"}],"version-history":[{"count":2,"href":"https:\/\/northa.growdevs.com\/cs\/wp-json\/wp\/v2\/pages\/3\/revisions"}],"predecessor-version":[{"id":24821,"href":"https:\/\/northa.growdevs.com\/cs\/wp-json\/wp\/v2\/pages\/3\/revisions\/24821"}],"wp:attachment":[{"href":"https:\/\/northa.growdevs.com\/cs\/wp-json\/wp\/v2\/media?parent=3"}],"curies":[{"name":"wp","href":"https:\/\/api.w.org\/{rel}","templated":true}]}}