{"id":23669,"date":"2025-07-23T13:48:21","date_gmt":"2025-07-23T13:48:21","guid":{"rendered":"https:\/\/northa.growdevs.com\/?page_id=23669"},"modified":"2025-12-20T22:13:51","modified_gmt":"2025-12-20T22:13:51","slug":"condiciones-generales","status":"publish","type":"page","link":"https:\/\/northa.growdevs.com\/es\/condiciones-generales\/","title":{"rendered":"Condiciones generales"},"content":{"rendered":"<h5 class=\"wp-block-heading\">Condiciones generales<\/h5>\n\n\n\n<p>Bienvenido a&nbsp;<strong>Barco del norte de Albania<\/strong>. Reservando un viaje con nosotros a trav\u00e9s de&nbsp;<strong>Bokun.io<\/strong>, acepta los siguientes T\u00e9rminos y Condiciones. L\u00e9alas atentamente.<\/p>\n\n\n\n<p><strong>1. Reserva y pago<\/strong><\/p>\n\n\n\n<p>1.1. Todos los clientes deben completar su reserva <strong>en l\u00ednea<\/strong> a trav\u00e9s de nuestro sitio web. Reservas no efectuadas en l\u00ednea <strong>no puede asegurarse<\/strong>, y no se puede garantizar la disponibilidad en el barco.<br>1.2. El pago deber\u00e1 efectuarse <strong>en met\u00e1lico el d\u00eda del viaje<\/strong>. Es necesario reservar en l\u00ednea para reservar su plaza, aunque el pago se realiza in situ.<br>1.3. Los precios son por persona a menos que se especifique lo contrario y pueden estar sujetos a cambios sin previo aviso.<br>1.4. Las tarifas especiales para ni\u00f1os s\u00f3lo se aplican a los billetes de barco. Pueden aplicarse costes adicionales, como el transporte en autob\u00fas.<\/p>\n\n\n\n<p><strong>2. Anulaciones<\/strong><\/p>\n\n\n\n<p>2.1. Cancelaciones efectuadas por el cliente:<\/p>\n\n\n\n<ul class=\"wp-block-list\">\n<li>Anulaciones efectuadas <strong>hasta 24 horas antes del inicio de la experiencia (hora local)<\/strong> pueden optar a un <strong>reembolso completo<\/strong>. <\/li>\n\n\n\n<li>Si\u00a0<strong>Barco del norte de Albania<\/strong>\u00a0cancela un viaje debido a las condiciones meteorol\u00f3gicas o a circunstancias imprevistas, se le reembolsar\u00e1 el importe \u00edntegro o se le ofrecer\u00e1 una fecha alternativa.<\/li>\n\n\n\n<li>No se efectuar\u00e1n reembolsos por no presentarse o por llegar tarde.<\/li>\n<\/ul>\n\n\n\n<p><strong>3. Modificaciones y retrasos<\/strong><\/p>\n\n\n\n<p>3.1.&nbsp;<strong>Barco del norte de Albania<\/strong>&nbsp;se reserva el derecho de modificar los itinerarios por motivos de seguridad, condiciones meteorol\u00f3gicas o requisitos operativos.<br>3.2. Las horas de salida son fijas. Los clientes deben llegar puntuales al punto de encuentro designado. No se reembolsar\u00e1 el importe de las salidas no efectuadas.<\/p>\n\n\n\n<p><strong>4. Seguridad y responsabilidad<\/strong><\/p>\n\n\n\n<p>4.1. Todos los pasajeros deben seguir las instrucciones de seguridad proporcionadas por nuestros gu\u00edas y operadores de embarcaciones.<br>4.2. No nos hacemos responsables de la p\u00e9rdida o el deterioro de objetos personales.<br>4.3. La participaci\u00f3n en actividades como la nataci\u00f3n, el pirag\u00fcismo o la tirolina corre por cuenta y riesgo del participante.<br>4.4. Se recomienda encarecidamente contratar un seguro de viaje personal.<\/p>\n\n\n\n<p><strong>5. 5. C\u00f3digo de conducta<\/strong><\/p>\n\n\n\n<p>5.1. Los pasajeros deben comportarse respetuosamente con el personal y los compa\u00f1eros de viaje. El comportamiento perturbador puede dar lugar a la expulsi\u00f3n de la excursi\u00f3n sin derecho a reembolso.<br>5.2. Est\u00e1 terminantemente prohibido tirar basura. Ay\u00fadenos a mantener\u00a0<strong>Lago Komani y r\u00edo Shala<\/strong>\u00a0limpia.<\/p>\n\n\n\n<p><strong>6. 6. Pol\u00edtica de privacidad<\/strong><\/p>\n\n\n\n<p>6.1. La informaci\u00f3n personal recopilada durante la reserva se utilizar\u00e1 \u00fanicamente para procesar las reservas y no se compartir\u00e1 con terceros sin consentimiento.<\/p>\n\n\n\n<p><strong>7. Derecho aplicable<\/strong><\/p>\n\n\n\n<p>7.1. Las presentes Condiciones Generales se rigen por las leyes de\u00a0<strong>Albania<\/strong>. Cualquier litigio debe resolverse en un tribunal alban\u00e9s.<\/p>\n\n\n\n<p>Reservando con&nbsp;<strong>Barco del norte de Albania<\/strong>, reconoce haber le\u00eddo, comprendido y aceptado las presentes Condiciones Generales.<\/p>\n\n\n\n<p>Si tiene alguna pregunta, p\u00f3ngase en contacto con nosotros en<br><strong>Correo electr\u00f3nico: info@northalbaniaboat.com<br>WhatsApp: +355 69 701 1334<br>P\u00e1gina web: https:\/\/northalbaniaboat.com\/<\/strong><\/p>","protected":false},"excerpt":{"rendered":"<p>Terms and Conditions Welcome to&nbsp;North Albania Boat. By booking a tour with us through&nbsp;Bokun.io, you agree to the following Terms &amp; Conditions. Please read them carefully. 1. Booking &amp; Payment 1.1. All clients must complete their booking online through our website. Bookings not made online cannot be secured, and availability on the boat cannot be &#8230; <a title=\"Condiciones generales\" class=\"read-more\" href=\"https:\/\/northa.growdevs.com\/es\/condiciones-generales\/\" aria-label=\"Leer m\u00e1s sobre Terms and Conditions\">Leer m\u00e1s<\/a><\/p>","protected":false},"author":1,"featured_media":0,"parent":0,"menu_order":0,"comment_status":"closed","ping_status":"closed","template":"","meta":{"_acf_changed":false,"inline_featured_image":false,"footnotes":""},"class_list":["post-23669","page","type-page","status-publish"],"acf":[],"yoast_head":"<!-- This site is optimized with the Yoast SEO plugin v26.3 - https:\/\/yoast.com\/wordpress\/plugins\/seo\/ -->\n<title>Terms and Conditions - North Albania Boat<\/title>\n<meta name=\"robots\" content=\"index, follow, max-snippet:-1, max-image-preview:large, max-video-preview:-1\" \/>\n<link rel=\"canonical\" href=\"https:\/\/northa.growdevs.com\/es\/condiciones-generales\/\" \/>\n<meta property=\"og:locale\" content=\"es_ES\" \/>\n<meta property=\"og:type\" content=\"article\" \/>\n<meta property=\"og:title\" content=\"Terms and Conditions - North Albania Boat\" \/>\n<meta property=\"og:description\" content=\"Terms and Conditions Welcome to&nbsp;North Albania Boat. By booking a tour with us through&nbsp;Bokun.io, you agree to the following Terms &amp; Conditions. Please read them carefully. 1. Booking &amp; Payment 1.1. All clients must complete their booking online through our website. Bookings not made online cannot be secured, and availability on the boat cannot be ... Leer m\u00e1s\" \/>\n<meta property=\"og:url\" content=\"https:\/\/northa.growdevs.com\/es\/condiciones-generales\/\" \/>\n<meta property=\"og:site_name\" content=\"North Albania Boat\" \/>\n<meta property=\"article:publisher\" content=\"https:\/\/www.facebook.com\/NorthAlbaniaBoat\/\" \/>\n<meta property=\"article:modified_time\" content=\"2025-12-20T22:13:51+00:00\" \/>\n<meta property=\"og:image\" content=\"https:\/\/northa.growdevs.com\/wp-content\/uploads\/2025\/07\/north-albania-slide-hq-scaled-1.jpg\" \/>\n\t<meta property=\"og:image:width\" content=\"2560\" \/>\n\t<meta property=\"og:image:height\" content=\"1465\" \/>\n\t<meta property=\"og:image:type\" content=\"image\/jpeg\" \/>\n<meta name=\"twitter:card\" content=\"summary_large_image\" \/>\n<meta name=\"twitter:site\" content=\"@NorthAlbBoat\" \/>\n<meta name=\"twitter:label1\" content=\"Tiempo de lectura\" \/>\n\t<meta name=\"twitter:data1\" content=\"2 minutos\" \/>\n<script type=\"application\/ld+json\" class=\"yoast-schema-graph\">{\"@context\":\"https:\/\/schema.org\",\"@graph\":[{\"@type\":\"WebPage\",\"@id\":\"https:\/\/northa.growdevs.com\/terms-and-conditions\/\",\"url\":\"https:\/\/northa.growdevs.com\/terms-and-conditions\/\",\"name\":\"Terms and Conditions - North Albania Boat\",\"isPartOf\":{\"@id\":\"https:\/\/northa.growdevs.com\/#website\"},\"datePublished\":\"2025-07-23T13:48:21+00:00\",\"dateModified\":\"2025-12-20T22:13:51+00:00\",\"breadcrumb\":{\"@id\":\"https:\/\/northa.growdevs.com\/terms-and-conditions\/#breadcrumb\"},\"inLanguage\":\"es\",\"potentialAction\":[{\"@type\":\"ReadAction\",\"target\":[\"https:\/\/northa.growdevs.com\/terms-and-conditions\/\"]}]},{\"@type\":\"BreadcrumbList\",\"@id\":\"https:\/\/northa.growdevs.com\/terms-and-conditions\/#breadcrumb\",\"itemListElement\":[{\"@type\":\"ListItem\",\"position\":1,\"name\":\"Home\",\"item\":\"https:\/\/northa.growdevs.com\/\"},{\"@type\":\"ListItem\",\"position\":2,\"name\":\"Terms and Conditions\"}]},{\"@type\":\"WebSite\",\"@id\":\"https:\/\/northa.growdevs.com\/#website\",\"url\":\"https:\/\/northa.growdevs.com\/\",\"name\":\"North Albania Boat\",\"description\":\"Visit Komani Lake and Shala River by Safari Boat\",\"publisher\":{\"@id\":\"https:\/\/northa.growdevs.com\/#organization\"},\"alternateName\":\"Komani Lake & Shala River Tours\",\"potentialAction\":[{\"@type\":\"SearchAction\",\"target\":{\"@type\":\"EntryPoint\",\"urlTemplate\":\"https:\/\/northa.growdevs.com\/?s={search_term_string}\"},\"query-input\":{\"@type\":\"PropertyValueSpecification\",\"valueRequired\":true,\"valueName\":\"search_term_string\"}}],\"inLanguage\":\"es\"},{\"@type\":\"Organization\",\"@id\":\"https:\/\/northa.growdevs.com\/#organization\",\"name\":\"North Albania Boat\",\"url\":\"https:\/\/northa.growdevs.com\/\",\"logo\":{\"@type\":\"ImageObject\",\"inLanguage\":\"es\",\"@id\":\"https:\/\/northa.growdevs.com\/#\/schema\/logo\/image\/\",\"url\":\"https:\/\/northa.growdevs.com\/wp-content\/uploads\/2025\/07\/logo.svg\",\"contentUrl\":\"https:\/\/northa.growdevs.com\/wp-content\/uploads\/2025\/07\/logo.svg\",\"width\":1280,\"height\":587,\"caption\":\"North Albania Boat\"},\"image\":{\"@id\":\"https:\/\/northa.growdevs.com\/#\/schema\/logo\/image\/\"},\"sameAs\":[\"https:\/\/www.facebook.com\/NorthAlbaniaBoat\/\",\"https:\/\/x.com\/NorthAlbBoat\",\"https:\/\/www.instagram.com\/northalbaniaboat\/\",\"https:\/\/www.youtube.com\/@NorthAlbaniaBoat\"]}]}<\/script>\n<!-- \/ Yoast SEO plugin. -->","yoast_head_json":{"title":"T\u00e9rminos y condiciones - North Albania Boat","robots":{"index":"index","follow":"follow","max-snippet":"max-snippet:-1","max-image-preview":"max-image-preview:large","max-video-preview":"max-video-preview:-1"},"canonical":"https:\/\/northa.growdevs.com\/es\/condiciones-generales\/","og_locale":"es_ES","og_type":"article","og_title":"Terms and Conditions - North Albania Boat","og_description":"Terms and Conditions Welcome to&nbsp;North Albania Boat. By booking a tour with us through&nbsp;Bokun.io, you agree to the following Terms &amp; Conditions. Please read them carefully. 1. Booking &amp; Payment 1.1. All clients must complete their booking online through our website. Bookings not made online cannot be secured, and availability on the boat cannot be ... Leer m\u00e1s","og_url":"https:\/\/northa.growdevs.com\/es\/condiciones-generales\/","og_site_name":"North Albania Boat","article_publisher":"https:\/\/www.facebook.com\/NorthAlbaniaBoat\/","article_modified_time":"2025-12-20T22:13:51+00:00","og_image":[{"width":2560,"height":1465,"url":"https:\/\/northa.growdevs.com\/wp-content\/uploads\/2025\/07\/north-albania-slide-hq-scaled-1.jpg","type":"image\/jpeg"}],"twitter_card":"summary_large_image","twitter_site":"@NorthAlbBoat","twitter_misc":{"Tiempo de lectura":"2 minutos"},"schema":{"@context":"https:\/\/schema.org","@graph":[{"@type":"WebPage","@id":"https:\/\/northa.growdevs.com\/terms-and-conditions\/","url":"https:\/\/northa.growdevs.com\/terms-and-conditions\/","name":"T\u00e9rminos y condiciones - North Albania Boat","isPartOf":{"@id":"https:\/\/northa.growdevs.com\/#website"},"datePublished":"2025-07-23T13:48:21+00:00","dateModified":"2025-12-20T22:13:51+00:00","breadcrumb":{"@id":"https:\/\/northa.growdevs.com\/terms-and-conditions\/#breadcrumb"},"inLanguage":"es","potentialAction":[{"@type":"ReadAction","target":["https:\/\/northa.growdevs.com\/terms-and-conditions\/"]}]},{"@type":"BreadcrumbList","@id":"https:\/\/northa.growdevs.com\/terms-and-conditions\/#breadcrumb","itemListElement":[{"@type":"ListItem","position":1,"name":"Home","item":"https:\/\/northa.growdevs.com\/"},{"@type":"ListItem","position":2,"name":"Terms and Conditions"}]},{"@type":"WebSite","@id":"https:\/\/northa.growdevs.com\/#website","url":"https:\/\/northa.growdevs.com\/","name":"Barco del norte de Albania","description":"Visita al lago Komani y al r\u00edo Shala en barco safari","publisher":{"@id":"https:\/\/northa.growdevs.com\/#organization"},"alternateName":"Komani Lake & Shala River Tours","potentialAction":[{"@type":"SearchAction","target":{"@type":"EntryPoint","urlTemplate":"https:\/\/northa.growdevs.com\/?s={search_term_string}"},"query-input":{"@type":"PropertyValueSpecification","valueRequired":true,"valueName":"search_term_string"}}],"inLanguage":"es"},{"@type":"Organization","@id":"https:\/\/northa.growdevs.com\/#organization","name":"Barco del norte de Albania","url":"https:\/\/northa.growdevs.com\/","logo":{"@type":"ImageObject","inLanguage":"es","@id":"https:\/\/northa.growdevs.com\/#\/schema\/logo\/image\/","url":"https:\/\/northa.growdevs.com\/wp-content\/uploads\/2025\/07\/logo.svg","contentUrl":"https:\/\/northa.growdevs.com\/wp-content\/uploads\/2025\/07\/logo.svg","width":1280,"height":587,"caption":"North Albania Boat"},"image":{"@id":"https:\/\/northa.growdevs.com\/#\/schema\/logo\/image\/"},"sameAs":["https:\/\/www.facebook.com\/NorthAlbaniaBoat\/","https:\/\/x.com\/NorthAlbBoat","https:\/\/www.instagram.com\/northalbaniaboat\/","https:\/\/www.youtube.com\/@NorthAlbaniaBoat"]}]}},"_links":{"self":[{"href":"https:\/\/northa.growdevs.com\/es\/wp-json\/wp\/v2\/pages\/23669","targetHints":{"allow":["GET"]}}],"collection":[{"href":"https:\/\/northa.growdevs.com\/es\/wp-json\/wp\/v2\/pages"}],"about":[{"href":"https:\/\/northa.growdevs.com\/es\/wp-json\/wp\/v2\/types\/page"}],"author":[{"embeddable":true,"href":"https:\/\/northa.growdevs.com\/es\/wp-json\/wp\/v2\/users\/1"}],"replies":[{"embeddable":true,"href":"https:\/\/northa.growdevs.com\/es\/wp-json\/wp\/v2\/comments?post=23669"}],"version-history":[{"count":6,"href":"https:\/\/northa.growdevs.com\/es\/wp-json\/wp\/v2\/pages\/23669\/revisions"}],"predecessor-version":[{"id":24633,"href":"https:\/\/northa.growdevs.com\/es\/wp-json\/wp\/v2\/pages\/23669\/revisions\/24633"}],"wp:attachment":[{"href":"https:\/\/northa.growdevs.com\/es\/wp-json\/wp\/v2\/media?parent=23669"}],"curies":[{"name":"wp","href":"https:\/\/api.w.org\/{rel}","templated":true}]}}