{"id":23669,"date":"2025-07-23T13:48:21","date_gmt":"2025-07-23T13:48:21","guid":{"rendered":"https:\/\/northa.growdevs.com\/?page_id=23669"},"modified":"2025-12-20T22:13:51","modified_gmt":"2025-12-20T22:13:51","slug":"ehdot-ja-edellytykset","status":"publish","type":"page","link":"https:\/\/northa.growdevs.com\/fi\/ehdot-ja-edellytykset\/","title":{"rendered":"Ehdot ja edellytykset"},"content":{"rendered":"<h5 class=\"wp-block-heading\">Ehdot ja edellytykset<\/h5>\n\n\n\n<p>Tervetuloa&nbsp;<strong>Pohjois-Albania Vene<\/strong>. Varaamalla matkan kanssamme kautta&nbsp;<strong>Bokun.io<\/strong>, hyv\u00e4ksyt seuraavat k\u00e4ytt\u00f6ehdot. Lue ne huolellisesti.<\/p>\n\n\n\n<p><strong>1. Varaukset ja maksu<\/strong><\/p>\n\n\n\n<p>1.1. Kaikkien asiakkaiden on t\u00e4ytett\u00e4v\u00e4 varaus <strong>online<\/strong> verkkosivujemme kautta. Varaukset, joita ei ole tehty verkossa <strong>ei voida varmistaa<\/strong>, eik\u00e4 laivan saatavuutta voida taata.<br>1.2. Maksu on suoritettava <strong>k\u00e4teisen\u00e4 matkustusp\u00e4iv\u00e4n\u00e4<\/strong>. Paikan varaaminen edellytt\u00e4\u00e4 verkkovarausta, vaikka maksu suoritetaan paikan p\u00e4\u00e4ll\u00e4.<br>1.3. Hinnat ovat per henkil\u00f6, ellei toisin mainita, ja ne voivat muuttua ilman ennakkoilmoitusta.<br>1.4. Lasten erityishinnat koskevat ainoastaan laivaliput. Lis\u00e4maksuja, kuten bussikuljetuksia, saatetaan peri\u00e4.<\/p>\n\n\n\n<p><strong>2. Peruutukset<\/strong><\/p>\n\n\n\n<p>2.1. Asiakkaan tekem\u00e4t peruutukset:<\/p>\n\n\n\n<ul class=\"wp-block-list\">\n<li>Peruutukset <strong>enint\u00e4\u00e4n 24 tuntia ennen kokemuksen alkua (paikallista aikaa).<\/strong> ovat oikeutettuja <strong>t\u00e4ysi palautus<\/strong>. <\/li>\n\n\n\n<li>Jos\u00a0<strong>Pohjois-Albania Vene<\/strong>\u00a0peruuttaa matkan s\u00e4\u00e4olosuhteiden tai odottamattomien olosuhteiden vuoksi, maksetaan t\u00e4ysi korvaus tai tarjotaan vaihtoehtoinen p\u00e4iv\u00e4m\u00e4\u00e4r\u00e4.<\/li>\n\n\n\n<li>Palautuksia ei my\u00f6nnet\u00e4, jos et saavu paikalle tai saavut my\u00f6h\u00e4ss\u00e4.<\/li>\n<\/ul>\n\n\n\n<p><strong>3. Kiertueen muutokset ja viiv\u00e4stykset<\/strong><\/p>\n\n\n\n<p>3.1.&nbsp;<strong>Pohjois-Albania Vene<\/strong>&nbsp;pid\u00e4tt\u00e4\u00e4 oikeuden muuttaa reittej\u00e4 turvallisuusongelmien, s\u00e4\u00e4olosuhteiden tai toiminnallisten vaatimusten vuoksi.<br>3.2. L\u00e4ht\u00f6ajat ovat kiinteit\u00e4. Vieraiden on saavuttava ajoissa sovittuun kokoontumispaikkaan. My\u00f6h\u00e4styneist\u00e4 l\u00e4hd\u00f6ist\u00e4 ei makseta hyvityst\u00e4.<\/p>\n\n\n\n<p><strong>4. Turvallisuus ja vastuu<\/strong><\/p>\n\n\n\n<p>4.1. Kaikkien matkustajien on noudatettava oppaiden ja veneen kuljettajien antamia turvallisuusohjeita.<br>4.2. Emme ole vastuussa henkil\u00f6kohtaisten tavaroiden katoamisesta tai vahingoittumisesta.<br>4.3. Osallistuminen aktiviteetteihin, kuten uintiin, melontaan tai laskettelurinteeseen, tapahtuu osallistujan omalla vastuulla.<br>4.4. Henkil\u00f6kohtainen matkavakuutus on eritt\u00e4in suositeltava.<\/p>\n\n\n\n<p><strong>5. K\u00e4yt\u00e4nnes\u00e4\u00e4nn\u00f6t<\/strong><\/p>\n\n\n\n<p>5.1. Matkustajien on k\u00e4ytt\u00e4ydytt\u00e4v\u00e4 kunnioittavasti henkil\u00f6kuntaa ja muita matkustajia kohtaan. H\u00e4iritsev\u00e4 k\u00e4yt\u00f6s voi johtaa matkalta poistamiseen ilman hyvityst\u00e4.<br>5.2. Roskaaminen on ehdottomasti kielletty. Auta meit\u00e4 pit\u00e4m\u00e4\u00e4n\u00a0<strong>Komani-j\u00e4rvi &amp; Shala-joki<\/strong>\u00a0puhdas.<\/p>\n\n\n\n<p><strong>6. Yksityisyyden suoja<\/strong><\/p>\n\n\n\n<p>6.1. Varauksen yhteydess\u00e4 ker\u00e4ttyj\u00e4 henkil\u00f6tietoja k\u00e4ytet\u00e4\u00e4n ainoastaan varausten k\u00e4sittelyyn, eik\u00e4 niit\u00e4 jaeta kolmansille osapuolille ilman suostumusta.<\/p>\n\n\n\n<p><strong>7. Sovellettava laki<\/strong><\/p>\n\n\n\n<p>7.1. N\u00e4ihin ehtoihin ja edellytyksiin sovelletaan seuraavien maiden lakeja.\u00a0<strong>Albania<\/strong>. Mahdolliset riidat on ratkaistava albanialaisessa tuomioistuimessa.<\/p>\n\n\n\n<p>Varaamalla&nbsp;<strong>Pohjois-Albania Vene<\/strong>, vahvistat, ett\u00e4 olet lukenut ja ymm\u00e4rt\u00e4nyt n\u00e4m\u00e4 k\u00e4ytt\u00f6ehdot ja hyv\u00e4ksynyt ne.<\/p>\n\n\n\n<p>Jos sinulla on kysytt\u00e4v\u00e4\u00e4, ota meihin yhteytt\u00e4:<br><strong>S\u00e4hk\u00f6posti: info@northalbaniaboat.com<br>WhatsApp: +355 69 701 1334<br>Verkkosivusto: https:\/\/northalbaniaboat.com\/<\/strong><\/p>","protected":false},"excerpt":{"rendered":"<p>Terms and Conditions Welcome to&nbsp;North Albania Boat. By booking a tour with us through&nbsp;Bokun.io, you agree to the following Terms &amp; Conditions. Please read them carefully. 1. Booking &amp; Payment 1.1. All clients must complete their booking online through our website. Bookings not made online cannot be secured, and availability on the boat cannot be &#8230; <a title=\"Ehdot ja edellytykset\" class=\"read-more\" href=\"https:\/\/northa.growdevs.com\/fi\/ehdot-ja-edellytykset\/\" aria-label=\"Lue lis\u00e4\u00e4 aiheesta Terms and Conditions\">Lue lis\u00e4\u00e4<\/a><\/p>","protected":false},"author":1,"featured_media":0,"parent":0,"menu_order":0,"comment_status":"closed","ping_status":"closed","template":"","meta":{"_acf_changed":false,"inline_featured_image":false,"footnotes":""},"class_list":["post-23669","page","type-page","status-publish"],"acf":[],"yoast_head":"<!-- This site is optimized with the Yoast SEO plugin v26.3 - https:\/\/yoast.com\/wordpress\/plugins\/seo\/ -->\n<title>Terms and Conditions - North Albania Boat<\/title>\n<meta name=\"robots\" content=\"index, follow, max-snippet:-1, max-image-preview:large, max-video-preview:-1\" \/>\n<link rel=\"canonical\" href=\"https:\/\/northa.growdevs.com\/fi\/ehdot-ja-edellytykset\/\" \/>\n<meta property=\"og:locale\" content=\"fi_FI\" \/>\n<meta property=\"og:type\" content=\"article\" \/>\n<meta property=\"og:title\" content=\"Terms and Conditions - North Albania Boat\" \/>\n<meta property=\"og:description\" content=\"Terms and Conditions Welcome to&nbsp;North Albania Boat. By booking a tour with us through&nbsp;Bokun.io, you agree to the following Terms &amp; Conditions. Please read them carefully. 1. Booking &amp; Payment 1.1. All clients must complete their booking online through our website. Bookings not made online cannot be secured, and availability on the boat cannot be ... Lue lis\u00e4\u00e4\" \/>\n<meta property=\"og:url\" content=\"https:\/\/northa.growdevs.com\/fi\/ehdot-ja-edellytykset\/\" \/>\n<meta property=\"og:site_name\" content=\"North Albania Boat\" \/>\n<meta property=\"article:publisher\" content=\"https:\/\/www.facebook.com\/NorthAlbaniaBoat\/\" \/>\n<meta property=\"article:modified_time\" content=\"2025-12-20T22:13:51+00:00\" \/>\n<meta property=\"og:image\" content=\"https:\/\/northa.growdevs.com\/wp-content\/uploads\/2025\/07\/north-albania-slide-hq-scaled-1.jpg\" \/>\n\t<meta property=\"og:image:width\" content=\"2560\" \/>\n\t<meta property=\"og:image:height\" content=\"1465\" \/>\n\t<meta property=\"og:image:type\" content=\"image\/jpeg\" \/>\n<meta name=\"twitter:card\" content=\"summary_large_image\" \/>\n<meta name=\"twitter:site\" content=\"@NorthAlbBoat\" \/>\n<meta name=\"twitter:label1\" content=\"Arvioitu lukuaika\" \/>\n\t<meta name=\"twitter:data1\" content=\"2 minuuttia\" \/>\n<script type=\"application\/ld+json\" class=\"yoast-schema-graph\">{\"@context\":\"https:\/\/schema.org\",\"@graph\":[{\"@type\":\"WebPage\",\"@id\":\"https:\/\/northa.growdevs.com\/terms-and-conditions\/\",\"url\":\"https:\/\/northa.growdevs.com\/terms-and-conditions\/\",\"name\":\"Terms and Conditions - North Albania Boat\",\"isPartOf\":{\"@id\":\"https:\/\/northa.growdevs.com\/#website\"},\"datePublished\":\"2025-07-23T13:48:21+00:00\",\"dateModified\":\"2025-12-20T22:13:51+00:00\",\"breadcrumb\":{\"@id\":\"https:\/\/northa.growdevs.com\/terms-and-conditions\/#breadcrumb\"},\"inLanguage\":\"fi\",\"potentialAction\":[{\"@type\":\"ReadAction\",\"target\":[\"https:\/\/northa.growdevs.com\/terms-and-conditions\/\"]}]},{\"@type\":\"BreadcrumbList\",\"@id\":\"https:\/\/northa.growdevs.com\/terms-and-conditions\/#breadcrumb\",\"itemListElement\":[{\"@type\":\"ListItem\",\"position\":1,\"name\":\"Home\",\"item\":\"https:\/\/northa.growdevs.com\/\"},{\"@type\":\"ListItem\",\"position\":2,\"name\":\"Terms and Conditions\"}]},{\"@type\":\"WebSite\",\"@id\":\"https:\/\/northa.growdevs.com\/#website\",\"url\":\"https:\/\/northa.growdevs.com\/\",\"name\":\"North Albania Boat\",\"description\":\"Visit Komani Lake and Shala River by Safari Boat\",\"publisher\":{\"@id\":\"https:\/\/northa.growdevs.com\/#organization\"},\"alternateName\":\"Komani Lake & Shala River Tours\",\"potentialAction\":[{\"@type\":\"SearchAction\",\"target\":{\"@type\":\"EntryPoint\",\"urlTemplate\":\"https:\/\/northa.growdevs.com\/?s={search_term_string}\"},\"query-input\":{\"@type\":\"PropertyValueSpecification\",\"valueRequired\":true,\"valueName\":\"search_term_string\"}}],\"inLanguage\":\"fi\"},{\"@type\":\"Organization\",\"@id\":\"https:\/\/northa.growdevs.com\/#organization\",\"name\":\"North Albania Boat\",\"url\":\"https:\/\/northa.growdevs.com\/\",\"logo\":{\"@type\":\"ImageObject\",\"inLanguage\":\"fi\",\"@id\":\"https:\/\/northa.growdevs.com\/#\/schema\/logo\/image\/\",\"url\":\"https:\/\/northa.growdevs.com\/wp-content\/uploads\/2025\/07\/logo.svg\",\"contentUrl\":\"https:\/\/northa.growdevs.com\/wp-content\/uploads\/2025\/07\/logo.svg\",\"width\":1280,\"height\":587,\"caption\":\"North Albania Boat\"},\"image\":{\"@id\":\"https:\/\/northa.growdevs.com\/#\/schema\/logo\/image\/\"},\"sameAs\":[\"https:\/\/www.facebook.com\/NorthAlbaniaBoat\/\",\"https:\/\/x.com\/NorthAlbBoat\",\"https:\/\/www.instagram.com\/northalbaniaboat\/\",\"https:\/\/www.youtube.com\/@NorthAlbaniaBoat\"]}]}<\/script>\n<!-- \/ Yoast SEO plugin. -->","yoast_head_json":{"title":"K\u00e4ytt\u00f6ehdot - Pohjois-Albania Vene","robots":{"index":"index","follow":"follow","max-snippet":"max-snippet:-1","max-image-preview":"max-image-preview:large","max-video-preview":"max-video-preview:-1"},"canonical":"https:\/\/northa.growdevs.com\/fi\/ehdot-ja-edellytykset\/","og_locale":"fi_FI","og_type":"article","og_title":"Terms and Conditions - North Albania Boat","og_description":"Terms and Conditions Welcome to&nbsp;North Albania Boat. By booking a tour with us through&nbsp;Bokun.io, you agree to the following Terms &amp; Conditions. Please read them carefully. 1. Booking &amp; Payment 1.1. All clients must complete their booking online through our website. Bookings not made online cannot be secured, and availability on the boat cannot be ... Lue lis\u00e4\u00e4","og_url":"https:\/\/northa.growdevs.com\/fi\/ehdot-ja-edellytykset\/","og_site_name":"North Albania Boat","article_publisher":"https:\/\/www.facebook.com\/NorthAlbaniaBoat\/","article_modified_time":"2025-12-20T22:13:51+00:00","og_image":[{"width":2560,"height":1465,"url":"https:\/\/northa.growdevs.com\/wp-content\/uploads\/2025\/07\/north-albania-slide-hq-scaled-1.jpg","type":"image\/jpeg"}],"twitter_card":"summary_large_image","twitter_site":"@NorthAlbBoat","twitter_misc":{"Arvioitu lukuaika":"2 minuuttia"},"schema":{"@context":"https:\/\/schema.org","@graph":[{"@type":"WebPage","@id":"https:\/\/northa.growdevs.com\/terms-and-conditions\/","url":"https:\/\/northa.growdevs.com\/terms-and-conditions\/","name":"K\u00e4ytt\u00f6ehdot - Pohjois-Albania Vene","isPartOf":{"@id":"https:\/\/northa.growdevs.com\/#website"},"datePublished":"2025-07-23T13:48:21+00:00","dateModified":"2025-12-20T22:13:51+00:00","breadcrumb":{"@id":"https:\/\/northa.growdevs.com\/terms-and-conditions\/#breadcrumb"},"inLanguage":"fi","potentialAction":[{"@type":"ReadAction","target":["https:\/\/northa.growdevs.com\/terms-and-conditions\/"]}]},{"@type":"BreadcrumbList","@id":"https:\/\/northa.growdevs.com\/terms-and-conditions\/#breadcrumb","itemListElement":[{"@type":"ListItem","position":1,"name":"Home","item":"https:\/\/northa.growdevs.com\/"},{"@type":"ListItem","position":2,"name":"Terms and Conditions"}]},{"@type":"WebSite","@id":"https:\/\/northa.growdevs.com\/#website","url":"https:\/\/northa.growdevs.com\/","name":"Pohjois-Albania Vene","description":"Vieraile Komani-j\u00e4rvell\u00e4 ja Shala-joella safariveneell\u00e4","publisher":{"@id":"https:\/\/northa.growdevs.com\/#organization"},"alternateName":"Komani Lake & Shala River Tours","potentialAction":[{"@type":"SearchAction","target":{"@type":"EntryPoint","urlTemplate":"https:\/\/northa.growdevs.com\/?s={search_term_string}"},"query-input":{"@type":"PropertyValueSpecification","valueRequired":true,"valueName":"search_term_string"}}],"inLanguage":"fi"},{"@type":"Organization","@id":"https:\/\/northa.growdevs.com\/#organization","name":"Pohjois-Albania Vene","url":"https:\/\/northa.growdevs.com\/","logo":{"@type":"ImageObject","inLanguage":"fi","@id":"https:\/\/northa.growdevs.com\/#\/schema\/logo\/image\/","url":"https:\/\/northa.growdevs.com\/wp-content\/uploads\/2025\/07\/logo.svg","contentUrl":"https:\/\/northa.growdevs.com\/wp-content\/uploads\/2025\/07\/logo.svg","width":1280,"height":587,"caption":"North Albania Boat"},"image":{"@id":"https:\/\/northa.growdevs.com\/#\/schema\/logo\/image\/"},"sameAs":["https:\/\/www.facebook.com\/NorthAlbaniaBoat\/","https:\/\/x.com\/NorthAlbBoat","https:\/\/www.instagram.com\/northalbaniaboat\/","https:\/\/www.youtube.com\/@NorthAlbaniaBoat"]}]}},"_links":{"self":[{"href":"https:\/\/northa.growdevs.com\/fi\/wp-json\/wp\/v2\/pages\/23669","targetHints":{"allow":["GET"]}}],"collection":[{"href":"https:\/\/northa.growdevs.com\/fi\/wp-json\/wp\/v2\/pages"}],"about":[{"href":"https:\/\/northa.growdevs.com\/fi\/wp-json\/wp\/v2\/types\/page"}],"author":[{"embeddable":true,"href":"https:\/\/northa.growdevs.com\/fi\/wp-json\/wp\/v2\/users\/1"}],"replies":[{"embeddable":true,"href":"https:\/\/northa.growdevs.com\/fi\/wp-json\/wp\/v2\/comments?post=23669"}],"version-history":[{"count":6,"href":"https:\/\/northa.growdevs.com\/fi\/wp-json\/wp\/v2\/pages\/23669\/revisions"}],"predecessor-version":[{"id":24633,"href":"https:\/\/northa.growdevs.com\/fi\/wp-json\/wp\/v2\/pages\/23669\/revisions\/24633"}],"wp:attachment":[{"href":"https:\/\/northa.growdevs.com\/fi\/wp-json\/wp\/v2\/media?parent=23669"}],"curies":[{"name":"wp","href":"https:\/\/api.w.org\/{rel}","templated":true}]}}