{"id":554,"date":"2025-07-20T22:48:24","date_gmt":"2025-07-20T22:48:24","guid":{"rendered":"https:\/\/northa.growdevs.com\/?page_id=554"},"modified":"2025-12-18T18:05:11","modified_gmt":"2025-12-18T18:05:11","slug":"kapcsolatfelvetel","status":"publish","type":"page","link":"https:\/\/northa.growdevs.com\/hu\/kapcsolatfelvetel\/","title":{"rendered":"Kapcsolat"},"content":{"rendered":"<div class=\"normal-container gb-element-1435209f\">\n<div>\n<h2 class=\"gb-text gb-text-f39f4e33\">Az\u00e9rt vagyunk itt, hogy seg\u00edts\u00fcnk<\/h2>\n\n\n\n<p>Szeretn\u00e9nk hallani \u00d6nr\u0151l! Nyugodtan l\u00e9pjen kapcsolatba vel\u00fcnk a kapcsolatfelv\u00e9teli oldalunkon kereszt\u00fcl.<\/p>\n\n\n\n<div class=\"contact-form\"><div class='fluentform ff-inherit-theme-style fluentform_wrapper_1  ff_guten_block'><form data-form_id=\"1\" id=\"fluentform_1\" class=\"frm-fluent-form fluent_form_1 ff-el-form-top ff_form_instance_1_1 ff-form-loading ffs_inherit_theme\" data-form_instance=\"ff_form_instance_1_1\" method=\"POST\" action=\"\" ><fieldset  style=\"border: none!important;margin: 0!important;padding: 0!important;background-color: transparent!important;box-shadow: none!important;outline: none!important; min-inline-size: 100%;\">\n                    <legend class=\"ff_screen_reader_title\" style=\"display: block; margin: 0!important;padding: 0!important;height: 0!important;text-indent: -999999px;width: 0!important;overflow:hidden;\">Kapcsolat \u0171rlap<\/legend><input type='hidden' name='__fluent_form_embded_post_id' value='554' \/><input type=\"hidden\" id=\"_fluentform_1_fluentformnonce\" name=\"_fluentform_1_fluentformnonce\" value=\"6a6cea7825\" \/><input type=\"hidden\" name=\"_wp_http_referer\" value=\"\/hu\/wp-json\/wp\/v2\/pages\/554\" \/><div data-type=\"name-element\" data-name=\"names\" class=\"ff-field_container ff-name-field-wrapper\" ><div class='ff-t-container'><div class='ff-t-cell'><div class='ff-el-group'><div class=\"ff-el-input--label ff-el-is-required asterisk-right\"><label for='ff_1_names_first_name_' >Az \u00d6n neve<\/label><\/div><div class='ff-el-input--content'><input type=\"text\" name=\"names[first_name]\" id=\"ff_1_names_first_name_\" class=\"ff-el-form-control\" aria-invalid=\"false\" aria-required=\"true\"><\/div><\/div><\/div><\/div><\/div><div class='ff-el-group'><div class=\"ff-el-input--label ff-el-is-required asterisk-right\"><label for='ff_1_email' aria-label=\"E-mail\">E-mail<\/label><\/div><div class='ff-el-input--content'><input type=\"email\" name=\"email\" id=\"ff_1_email\" class=\"ff-el-form-control\" data-name=\"email\"  aria-invalid=\"false\" aria-required=\"true\"><\/div><\/div><div class='ff-el-group'><div class=\"ff-el-input--label ff-el-is-required asterisk-right\"><label for='ff_1_subject' aria-label=\"T\u00e1rgy:\">T\u00e1rgy:<\/label><\/div><div class='ff-el-input--content'><input type=\"text\" name=\"subject\" class=\"ff-el-form-control\" data-name=\"subject\" id=\"ff_1_subject\"  aria-invalid=\"false\" aria-required=\"true\"><\/div><\/div><div class='ff-el-group'><div class=\"ff-el-input--label asterisk-right\"><label for='ff_1_message' aria-label=\"Az \u00d6n \u00fczenete\">Az \u00d6n \u00fczenete<\/label><\/div><div class='ff-el-input--content'><textarea aria-invalid=\"false\" aria-required=\"false\" name=\"message\" id=\"ff_1_message\" class=\"ff-el-form-control\" rows=\"4\" cols=\"2\" data-name=\"message\" ><\/textarea><\/div><\/div><div class='ff-el-group ff-text-left ff_submit_btn_wrapper'><button type=\"submit\" class=\"ff-btn ff-btn-submit ff-btn-md ff_btn_no_style\" >K\u00fcldje be a <\/button><\/div><\/fieldset><input type=\"hidden\" name=\"trp-form-language\" value=\"hu\"\/><\/form><div id='fluentform_1_errors' class='ff-errors-in-stack ff_form_instance_1_1 ff-form-loading_errors ff_form_instance_1_1_errors'><\/div><\/div>            <script type=\"text\/javascript\">\n                window.fluent_form_ff_form_instance_1_1 = {\"id\":\"1\",\"settings\":{\"layout\":{\"labelPlacement\":\"top\",\"helpMessagePlacement\":\"with_label\",\"errorMessagePlacement\":\"inline\",\"cssClassName\":\"\",\"asteriskPlacement\":\"asterisk-right\"},\"restrictions\":{\"denyEmptySubmission\":{\"enabled\":false}}},\"form_instance\":\"ff_form_instance_1_1\",\"form_id_selector\":\"fluentform_1\",\"rules\":{\"names[first_name]\":{\"required\":{\"value\":true,\"message\":\"This field is required\",\"global\":false,\"global_message\":\"This field is required\"}},\"names[middle_name]\":{\"required\":{\"value\":false,\"message\":\"This field is required\",\"global\":false,\"global_message\":\"This field is required\"}},\"names[last_name]\":{\"required\":{\"value\":false,\"message\":\"This field is required\",\"global\":false,\"global_message\":\"This field is required\"}},\"email\":{\"required\":{\"value\":true,\"message\":\"This field is required\",\"global\":false,\"global_message\":\"This field is required\"},\"email\":{\"value\":true,\"message\":\"This field must contain a valid email\",\"global\":false,\"global_message\":\"This field must contain a valid email\"}},\"subject\":{\"required\":{\"value\":true,\"message\":\"This field is required\",\"global\":false,\"global_message\":\"This field is required\"}},\"message\":{\"required\":{\"value\":false,\"message\":\"This field is required\",\"global\":false,\"global_message\":\"This field is required\"}}},\"debounce_time\":300};\n                            <\/script>\n            <\/div>\n<\/div>\n\n\n\n<div class=\"gb-element-51fe5ab1\">\n<div>\n<div class=\"gb-text-f1b2e8c4 icon\"><span class=\"gb-shape\"><svg aria-hidden=\"true\" role=\"img\" height=\"1em\" width=\"1em\" viewbox=\"0 0 512 512\" xmlns=\"http:\/\/www.w3.org\/2000\/svg\"><path fill=\"currentColor\" d=\"M464 64H48C21.49 64 0 85.49 0 112v288c0 26.51 21.49 48 48 48h416c26.51 0 48-21.49 48-48V112c0-26.51-21.49-48-48-48zm0 48v40.805c-22.422 18.259-58.168 46.651-134.587 106.49-16.841 13.247-50.201 45.072-73.413 44.701-23.208.375-56.579-31.459-73.413-44.701C106.18 199.465 70.425 171.067 48 152.805V112h416zM48 400V214.398c22.914 18.251 55.409 43.862 104.938 82.646 21.857 17.205 60.134 55.186 103.062 54.955 42.717.231 80.509-37.199 103.053-54.947 49.528-38.783 82.032-64.401 104.947-82.653V400H48z\"><\/path><\/svg><\/span><\/div>\n\n\n\n<div>\n<h3 class=\"gb-text\">Kapcsolatfelv\u00e9tel<\/h3>\n\n\n\n<div class=\"gb-text\"><a href=\"tel:+355 69 240 2903\">N\u00e9met\u00fcl besz\u00e9l\u0151k: +355 69 240 2903 (WhatsApp \u00e9s h\u00edv\u00e1s)<\/a><\/div>\n\n\n\n<div class=\"gb-text\"><a data-type=\"mailto\" data-id=\"mailto:info@northalbaniaboat.com\" href=\"tel:+355 69 701 1334\">Angolul besz\u00e9l\u0151k: +355 69 701 1334 (WhatsApp &amp; h\u00edv\u00e1s)<\/a><\/div>\n\n\n\n<div class=\"gb-text\"><a href=\"mailto:info@northalbaniaboat.com\" data-type=\"mailto\" data-id=\"mailto:info@northalbaniaboat.com\">E-mail: info@northalbaniaboat.com<\/a><\/div>\n<\/div>\n<\/div>\n\n\n\n<div>\n<div class=\"gb-text-cc993dc5 icon\"><span class=\"gb-shape\"><svg xmlns=\"http:\/\/www.w3.org\/2000\/svg\" viewbox=\"0 0 512 512\"><!--!Font Awesome Free 6.7.2 by @fontawesome - https:\/\/fontawesome.com License - https:\/\/fontawesome.com\/license\/free Copyright 2025 Fonticons, Inc.--><path d=\"M464 256A208 208 0 1 1 48 256a208 208 0 1 1 416 0zM0 256a256 256 0 1 0 512 0A256 256 0 1 0 0 256zM232 120l0 136c0 8 4 15.5 10.7 20l96 64c11 7.4 25.9 4.4 33.3-6.7s4.4-25.9-6.7-33.3L280 243.2 280 120c0-13.3-10.7-24-24-24s-24 10.7-24 24z\"><\/path><\/svg><\/span><\/div>\n\n\n\n<div>\n<h3 class=\"gb-text\">Nyitva tart\u00e1s<\/h3>\n\n\n\n<div class=\"gb-text\">Nyitva vagyunk: 7:00 - 21:00 naponta<\/div>\n<\/div>\n<\/div>\n\n\n\n<a href=\"https:\/\/maps.app.goo.gl\/hRuAshXnBkbWYBi5A?g_st=ipc\" target=\"_blank\" rel=\"noopener\">\n<div class=\"gb-text-888ea3fc icon\"><span class=\"gb-shape\"><svg xmlns=\"http:\/\/www.w3.org\/2000\/svg\" viewbox=\"0 0 384 512\"><!--!Font Awesome Free 6.7.2 by @fontawesome - https:\/\/fontawesome.com License - https:\/\/fontawesome.com\/license\/free Copyright 2025 Fonticons, Inc.--><path d=\"M215.7 499.2C267 435 384 279.4 384 192C384 86 298 0 192 0S0 86 0 192c0 87.4 117 243 168.3 307.2c12.3 15.3 35.1 15.3 47.4 0zM192 128a64 64 0 1 1 0 128 64 64 0 1 1 0-128z\"><\/path><\/svg><\/span><\/div>\n\n\n\n<div>\n<h3 class=\"gb-text\">Helysz\u00edn\u00fcnk<\/h3>\n\n\n\n<div class=\"gb-text\">Koman, Komani t\u00f3 termin\u00e1l<\/div>\n<\/div>\n<\/a>\n<\/div>\n<\/div>\n\n\n\n<div class=\"normal-container gb-element-3ba81fb8\">\n<iframe src=\"https:\/\/www.google.com\/maps\/embed?pb=!1m14!1m8!1m3!1d5919.860837747626!2d19.826288!3d42.108961!3m2!1i1024!2i768!4f13.1!3m3!1m2!1s0x13521d7eeb83dd01%3A0x4c24b24116bfe8ec!2sNorth%20Albania%20Boat%20-%20Komani%20Lake%20and%20Shala%20River%20Boat%20Tours!5e0!3m2!1sen!2sus!4v1753105744092!5m2!1sen!2sus\" width=\"100%\" height=\"600\" style=\"border:0;\" allowfullscreen=\"\" loading=\"lazy\" referrerpolicy=\"no-referrer-when-downgrade\"><\/iframe>\n<\/div>","protected":false},"excerpt":{"rendered":"<p>We&#8217;re Here to Help We\u2019d love to hear from you! Feel free to reach out through our contact page. Contact us German speakers: +355 69 240 2903 (WhatsApp &amp; call) English speakers: +355 69 701 1334 (WhatsApp &amp; call) Email: info@northalbaniaboat.com Opening hours We\u2019re Open: 7:00 AM \u2013 9:00 PM daily Our Location Koman, Komani &#8230; <a title=\"Kapcsolat\" class=\"read-more\" href=\"https:\/\/northa.growdevs.com\/hu\/kapcsolatfelvetel\/\" aria-label=\"Read more about Contact\">Olvass tov\u00e1bb<\/a><\/p>","protected":false},"author":1,"featured_media":0,"parent":0,"menu_order":0,"comment_status":"closed","ping_status":"closed","template":"","meta":{"_acf_changed":false,"inline_featured_image":false,"footnotes":""},"class_list":["post-554","page","type-page","status-publish"],"acf":[],"yoast_head":"<!-- This site is optimized with the Yoast SEO plugin v26.3 - https:\/\/yoast.com\/wordpress\/plugins\/seo\/ -->\n<title>Contact North Albania Boat<\/title>\n<meta name=\"description\" content=\"Have questions or ready to book your boat tour? We\u2019re here to assist you with all the details about your adventure to Koman Lake and Shala River.\" \/>\n<meta name=\"robots\" content=\"index, follow, max-snippet:-1, max-image-preview:large, max-video-preview:-1\" \/>\n<link rel=\"canonical\" href=\"https:\/\/northa.growdevs.com\/hu\/kapcsolatfelvetel\/\" \/>\n<meta property=\"og:locale\" content=\"hu_HU\" \/>\n<meta property=\"og:type\" content=\"article\" \/>\n<meta property=\"og:title\" content=\"Contact North Albania Boat\" \/>\n<meta property=\"og:description\" content=\"Have questions or ready to book your boat tour? We\u2019re here to assist you with all the details about your adventure to Koman Lake and Shala River.\" \/>\n<meta property=\"og:url\" content=\"https:\/\/northa.growdevs.com\/hu\/kapcsolatfelvetel\/\" \/>\n<meta property=\"og:site_name\" content=\"North Albania Boat\" \/>\n<meta property=\"article:publisher\" content=\"https:\/\/www.facebook.com\/NorthAlbaniaBoat\/\" \/>\n<meta property=\"article:modified_time\" content=\"2025-12-18T18:05:11+00:00\" \/>\n<meta property=\"og:image\" content=\"https:\/\/northa.growdevs.com\/wp-content\/uploads\/2025\/07\/north-albania-slide-hq-scaled-1.jpg\" \/>\n\t<meta property=\"og:image:width\" content=\"2560\" \/>\n\t<meta property=\"og:image:height\" content=\"1465\" \/>\n\t<meta property=\"og:image:type\" content=\"image\/jpeg\" \/>\n<meta name=\"twitter:card\" content=\"summary_large_image\" \/>\n<meta name=\"twitter:site\" content=\"@NorthAlbBoat\" \/>\n<meta name=\"twitter:label1\" content=\"Becs\u00fclt olvas\u00e1si id\u0151\" \/>\n\t<meta name=\"twitter:data1\" content=\"1 perc\" \/>\n<script type=\"application\/ld+json\" class=\"yoast-schema-graph\">{\"@context\":\"https:\/\/schema.org\",\"@graph\":[{\"@type\":\"WebPage\",\"@id\":\"https:\/\/northa.growdevs.com\/contact\/\",\"url\":\"https:\/\/northa.growdevs.com\/contact\/\",\"name\":\"Contact North Albania Boat\",\"isPartOf\":{\"@id\":\"https:\/\/northa.growdevs.com\/#website\"},\"datePublished\":\"2025-07-20T22:48:24+00:00\",\"dateModified\":\"2025-12-18T18:05:11+00:00\",\"description\":\"Have questions or ready to book your boat tour? We\u2019re here to assist you with all the details about your adventure to Koman Lake and Shala River.\",\"breadcrumb\":{\"@id\":\"https:\/\/northa.growdevs.com\/contact\/#breadcrumb\"},\"inLanguage\":\"hu\",\"potentialAction\":[{\"@type\":\"ReadAction\",\"target\":[\"https:\/\/northa.growdevs.com\/contact\/\"]}]},{\"@type\":\"BreadcrumbList\",\"@id\":\"https:\/\/northa.growdevs.com\/contact\/#breadcrumb\",\"itemListElement\":[{\"@type\":\"ListItem\",\"position\":1,\"name\":\"Home\",\"item\":\"https:\/\/northa.growdevs.com\/\"},{\"@type\":\"ListItem\",\"position\":2,\"name\":\"Contact\"}]},{\"@type\":\"WebSite\",\"@id\":\"https:\/\/northa.growdevs.com\/#website\",\"url\":\"https:\/\/northa.growdevs.com\/\",\"name\":\"North Albania Boat\",\"description\":\"Visit Komani Lake and Shala River by Safari Boat\",\"publisher\":{\"@id\":\"https:\/\/northa.growdevs.com\/#organization\"},\"alternateName\":\"Komani Lake & Shala River Tours\",\"potentialAction\":[{\"@type\":\"SearchAction\",\"target\":{\"@type\":\"EntryPoint\",\"urlTemplate\":\"https:\/\/northa.growdevs.com\/?s={search_term_string}\"},\"query-input\":{\"@type\":\"PropertyValueSpecification\",\"valueRequired\":true,\"valueName\":\"search_term_string\"}}],\"inLanguage\":\"hu\"},{\"@type\":\"Organization\",\"@id\":\"https:\/\/northa.growdevs.com\/#organization\",\"name\":\"North Albania Boat\",\"url\":\"https:\/\/northa.growdevs.com\/\",\"logo\":{\"@type\":\"ImageObject\",\"inLanguage\":\"hu\",\"@id\":\"https:\/\/northa.growdevs.com\/#\/schema\/logo\/image\/\",\"url\":\"https:\/\/northa.growdevs.com\/wp-content\/uploads\/2025\/07\/logo.svg\",\"contentUrl\":\"https:\/\/northa.growdevs.com\/wp-content\/uploads\/2025\/07\/logo.svg\",\"width\":1280,\"height\":587,\"caption\":\"North Albania Boat\"},\"image\":{\"@id\":\"https:\/\/northa.growdevs.com\/#\/schema\/logo\/image\/\"},\"sameAs\":[\"https:\/\/www.facebook.com\/NorthAlbaniaBoat\/\",\"https:\/\/x.com\/NorthAlbBoat\",\"https:\/\/www.instagram.com\/northalbaniaboat\/\",\"https:\/\/www.youtube.com\/@NorthAlbaniaBoat\"]}]}<\/script>\n<!-- \/ Yoast SEO plugin. -->","yoast_head_json":{"title":"Kapcsolat \u00c9szak-Alb\u00e1nia haj\u00f3","description":"K\u00e9rd\u00e9se van, vagy szeretne foglalni egy haj\u00f3s t\u00far\u00e1t? Mi itt vagyunk, hogy seg\u00edts\u00fcnk \u00d6nnek a Koman-t\u00f3 \u00e9s a Shala foly\u00f3 kalandj\u00e1nak minden r\u00e9szlet\u00e9vel kapcsolatban.","robots":{"index":"index","follow":"follow","max-snippet":"max-snippet:-1","max-image-preview":"max-image-preview:large","max-video-preview":"max-video-preview:-1"},"canonical":"https:\/\/northa.growdevs.com\/hu\/kapcsolatfelvetel\/","og_locale":"hu_HU","og_type":"article","og_title":"Contact North Albania Boat","og_description":"Have questions or ready to book your boat tour? We\u2019re here to assist you with all the details about your adventure to Koman Lake and Shala River.","og_url":"https:\/\/northa.growdevs.com\/hu\/kapcsolatfelvetel\/","og_site_name":"North Albania Boat","article_publisher":"https:\/\/www.facebook.com\/NorthAlbaniaBoat\/","article_modified_time":"2025-12-18T18:05:11+00:00","og_image":[{"width":2560,"height":1465,"url":"https:\/\/northa.growdevs.com\/wp-content\/uploads\/2025\/07\/north-albania-slide-hq-scaled-1.jpg","type":"image\/jpeg"}],"twitter_card":"summary_large_image","twitter_site":"@NorthAlbBoat","twitter_misc":{"Becs\u00fclt olvas\u00e1si id\u0151":"1 perc"},"schema":{"@context":"https:\/\/schema.org","@graph":[{"@type":"WebPage","@id":"https:\/\/northa.growdevs.com\/contact\/","url":"https:\/\/northa.growdevs.com\/contact\/","name":"Kapcsolat \u00c9szak-Alb\u00e1nia haj\u00f3","isPartOf":{"@id":"https:\/\/northa.growdevs.com\/#website"},"datePublished":"2025-07-20T22:48:24+00:00","dateModified":"2025-12-18T18:05:11+00:00","description":"K\u00e9rd\u00e9se van, vagy szeretne foglalni egy haj\u00f3s t\u00far\u00e1t? Mi itt vagyunk, hogy seg\u00edts\u00fcnk \u00d6nnek a Koman-t\u00f3 \u00e9s a Shala foly\u00f3 kalandj\u00e1nak minden r\u00e9szlet\u00e9vel kapcsolatban.","breadcrumb":{"@id":"https:\/\/northa.growdevs.com\/contact\/#breadcrumb"},"inLanguage":"hu","potentialAction":[{"@type":"ReadAction","target":["https:\/\/northa.growdevs.com\/contact\/"]}]},{"@type":"BreadcrumbList","@id":"https:\/\/northa.growdevs.com\/contact\/#breadcrumb","itemListElement":[{"@type":"ListItem","position":1,"name":"Home","item":"https:\/\/northa.growdevs.com\/"},{"@type":"ListItem","position":2,"name":"Contact"}]},{"@type":"WebSite","@id":"https:\/\/northa.growdevs.com\/#website","url":"https:\/\/northa.growdevs.com\/","name":"\u00c9szak-Alb\u00e1nia haj\u00f3","description":"L\u00e1togat\u00e1s a Komani-t\u00f3hoz \u00e9s a Shala foly\u00f3hoz szafari cs\u00f3nakkal","publisher":{"@id":"https:\/\/northa.growdevs.com\/#organization"},"alternateName":"Komani Lake & Shala River Tours","potentialAction":[{"@type":"SearchAction","target":{"@type":"EntryPoint","urlTemplate":"https:\/\/northa.growdevs.com\/?s={search_term_string}"},"query-input":{"@type":"PropertyValueSpecification","valueRequired":true,"valueName":"search_term_string"}}],"inLanguage":"hu"},{"@type":"Organization","@id":"https:\/\/northa.growdevs.com\/#organization","name":"\u00c9szak-Alb\u00e1nia haj\u00f3","url":"https:\/\/northa.growdevs.com\/","logo":{"@type":"ImageObject","inLanguage":"hu","@id":"https:\/\/northa.growdevs.com\/#\/schema\/logo\/image\/","url":"https:\/\/northa.growdevs.com\/wp-content\/uploads\/2025\/07\/logo.svg","contentUrl":"https:\/\/northa.growdevs.com\/wp-content\/uploads\/2025\/07\/logo.svg","width":1280,"height":587,"caption":"North Albania Boat"},"image":{"@id":"https:\/\/northa.growdevs.com\/#\/schema\/logo\/image\/"},"sameAs":["https:\/\/www.facebook.com\/NorthAlbaniaBoat\/","https:\/\/x.com\/NorthAlbBoat","https:\/\/www.instagram.com\/northalbaniaboat\/","https:\/\/www.youtube.com\/@NorthAlbaniaBoat"]}]}},"_links":{"self":[{"href":"https:\/\/northa.growdevs.com\/hu\/wp-json\/wp\/v2\/pages\/554","targetHints":{"allow":["GET"]}}],"collection":[{"href":"https:\/\/northa.growdevs.com\/hu\/wp-json\/wp\/v2\/pages"}],"about":[{"href":"https:\/\/northa.growdevs.com\/hu\/wp-json\/wp\/v2\/types\/page"}],"author":[{"embeddable":true,"href":"https:\/\/northa.growdevs.com\/hu\/wp-json\/wp\/v2\/users\/1"}],"replies":[{"embeddable":true,"href":"https:\/\/northa.growdevs.com\/hu\/wp-json\/wp\/v2\/comments?post=554"}],"version-history":[{"count":40,"href":"https:\/\/northa.growdevs.com\/hu\/wp-json\/wp\/v2\/pages\/554\/revisions"}],"predecessor-version":[{"id":24603,"href":"https:\/\/northa.growdevs.com\/hu\/wp-json\/wp\/v2\/pages\/554\/revisions\/24603"}],"wp:attachment":[{"href":"https:\/\/northa.growdevs.com\/hu\/wp-json\/wp\/v2\/media?parent=554"}],"curies":[{"name":"wp","href":"https:\/\/api.w.org\/{rel}","templated":true}]}}