{"id":23669,"date":"2025-07-23T13:48:21","date_gmt":"2025-07-23T13:48:21","guid":{"rendered":"https:\/\/northa.growdevs.com\/?page_id=23669"},"modified":"2025-12-20T22:13:51","modified_gmt":"2025-12-20T22:13:51","slug":"termat-dhe-kushtet","status":"publish","type":"page","link":"https:\/\/northa.growdevs.com\/sq\/termat-dhe-kushtet\/","title":{"rendered":"Kushtet dhe Rregullat"},"content":{"rendered":"<h5 class=\"wp-block-heading\">Kushtet dhe Rregullat<\/h5>\n\n\n\n<p>Mir\u00eb se vini n\u00eb&nbsp;<strong>Vark\u00eb e Shqip\u00ebris\u00eb Veriore<\/strong>. Duke rezervuar nj\u00eb turne me ne p\u00ebrmes&nbsp;<strong>Bokun.io<\/strong>, ju pranoni Kushtet dhe Afatet e m\u00ebposhtme. Ju lutemi t&#039;i lexoni ato me kujdes.<\/p>\n\n\n\n<p><strong>1. Rezervimi dhe pagesa<\/strong><\/p>\n\n\n\n<p>1.1. T\u00eb gjith\u00eb klient\u00ebt duhet t\u00eb p\u00ebrfundojn\u00eb rezervimin e tyre <strong>n\u00eb internet<\/strong> p\u00ebrmes faqes son\u00eb t\u00eb internetit. Rezervimet nuk b\u00ebhen online <strong>nuk mund t\u00eb sigurohet<\/strong>, dhe disponueshm\u00ebria n\u00eb anije nuk mund t\u00eb garantohet.<br>1.2. Pagesa duhet t\u00eb b\u00ebhet <strong>me para n\u00eb dor\u00eb n\u00eb dit\u00ebn e udh\u00ebtimit<\/strong>. Rezervimi online \u00ebsht\u00eb i detyruesh\u00ebm p\u00ebr t\u00eb rezervuar vendin tuaj, edhe pse pagesa kryhet n\u00eb vend.<br>1.3. \u00c7mimet jan\u00eb p\u00ebr person, p\u00ebrve\u00e7 n\u00ebse specifikohet ndryshe, dhe mund t\u00eb ndryshojn\u00eb pa paralajm\u00ebrim.<br>1.4. Tarifat speciale p\u00ebr f\u00ebmij\u00eb vlejn\u00eb vet\u00ebm p\u00ebr biletat e anijes. Mund t\u00eb aplikohen kosto shtes\u00eb, si\u00e7 \u00ebsht\u00eb transporti me autobus.<\/p>\n\n\n\n<p><strong>2. Anulimet<\/strong><\/p>\n\n\n\n<p>2.1. Anulimet e b\u00ebra nga klienti:<\/p>\n\n\n\n<ul class=\"wp-block-list\">\n<li>Anulimet e b\u00ebra <strong>deri n\u00eb 24 or\u00eb para fillimit t\u00eb p\u00ebrvoj\u00ebs (ora lokale)<\/strong> jan\u00eb t\u00eb kualifikuar p\u00ebr nj\u00eb <strong>rimbursim i plot\u00eb<\/strong>. <\/li>\n\n\n\n<li>N\u00ebse\u00a0<strong>Vark\u00eb e Shqip\u00ebris\u00eb Veriore<\/strong>\u00a0anulon nj\u00eb tur p\u00ebr shkak t\u00eb kushteve t\u00eb motit ose rrethanave t\u00eb paparashikuara, do t\u00eb ofrohet nj\u00eb rimbursim i plot\u00eb ose nj\u00eb dat\u00eb alternative.<\/li>\n\n\n\n<li>Nuk do t\u00eb ket\u00eb rimbursime p\u00ebr mosparaqitje ose mb\u00ebrritje t\u00eb vonuara.<\/li>\n<\/ul>\n\n\n\n<p><strong>3. Modifikime dhe vonesa t\u00eb turit<\/strong><\/p>\n\n\n\n<p>3.1.&nbsp;<strong>Vark\u00eb e Shqip\u00ebris\u00eb Veriore<\/strong>&nbsp;rezervon t\u00eb drejt\u00ebn p\u00ebr t\u00eb modifikuar itineraret p\u00ebr shkak t\u00eb shqet\u00ebsimeve t\u00eb siguris\u00eb, kushteve t\u00eb motit ose k\u00ebrkesave operative.<br>3.2. Oraret e nisjes jan\u00eb t\u00eb p\u00ebrcaktuara. Vizitor\u00ebt duhet t\u00eb mb\u00ebrrijn\u00eb n\u00eb pik\u00ebn e caktuar t\u00eb takimit n\u00eb koh\u00eb. Nuk do t\u00eb ofrohen rimbursime p\u00ebr nisjet e humbura.<\/p>\n\n\n\n<p><strong>4. Siguria dhe P\u00ebrgjegj\u00ebsia<\/strong><\/p>\n\n\n\n<p>4.1. T\u00eb gjith\u00eb pasagjer\u00ebt duhet t\u00eb ndjekin udh\u00ebzimet e siguris\u00eb t\u00eb dh\u00ebna nga guidat dhe operator\u00ebt tan\u00eb t\u00eb anijeve.<br>4.2. Ne nuk jemi p\u00ebrgjegj\u00ebs p\u00ebr humbjen ose d\u00ebmtimin e sendeve personale.<br>4.3. Pjes\u00ebmarrja n\u00eb aktivitete t\u00eb tilla si noti, kanoeja ose ziplining \u00ebsht\u00eb n\u00eb rrezikun e vet\u00eb pjes\u00ebmarr\u00ebsit.<br>4.4. Sigurimi personal i udh\u00ebtimit rekomandohet fuqimisht.<\/p>\n\n\n\n<p><strong>5. Kodi i Sjelljes<\/strong><\/p>\n\n\n\n<p>5.1. Pasagjer\u00ebt duhet t\u00eb sillen me respekt ndaj stafit dhe shoq\u00ebruesve t\u00eb tyre. Sjellja shqet\u00ebsuese mund t\u00eb rezultoj\u00eb n\u00eb largim nga turi pa rimbursim.<br>5.2. Hedhja e mbeturinave \u00ebsht\u00eb rrept\u00ebsisht e ndaluar. Na ndihmoni t\u00eb vazhdojm\u00eb\u00a0<strong>Liqeni i Komanit dhe Lumi i Shal\u00ebs<\/strong>\u00a0i past\u00ebr.<\/p>\n\n\n\n<p><strong>6. Politika e Privat\u00ebsis\u00eb<\/strong><\/p>\n\n\n\n<p>6.1. Informacioni personal i mbledhur gjat\u00eb rezervimit do t\u00eb p\u00ebrdoret vet\u00ebm p\u00ebr p\u00ebrpunimin e rezervimeve dhe nuk do t\u00eb ndahet me pal\u00eb t\u00eb treta pa p\u00eblqimin tuaj.<\/p>\n\n\n\n<p><strong>7. Ligji Rregullues<\/strong><\/p>\n\n\n\n<p>7.1. K\u00ebto Kushte dhe Afate rregullohen nga ligjet e\u00a0<strong>Shqip\u00ebria<\/strong>. \u00c7do mosmarr\u00ebveshje duhet t\u00eb zgjidhet n\u00eb nj\u00eb gjykat\u00eb shqiptare.<\/p>\n\n\n\n<p>Duke rezervuar me&nbsp;<strong>Vark\u00eb e Shqip\u00ebris\u00eb Veriore<\/strong>, ju pranoni se i keni lexuar, kuptuar dhe r\u00ebn\u00eb dakord me k\u00ebto Kushte dhe Afate.<\/p>\n\n\n\n<p>P\u00ebr \u00e7do pyetje, na kontaktoni n\u00eb:<br><strong>E-mail: info@northalbaniaboat.com<br>WhatsApp: +355 69 701 1334<br>Uebfaqe: https:\/\/northalbaniaboat.com\/<\/strong><\/p>","protected":false},"excerpt":{"rendered":"<p>Terms and Conditions Welcome to&nbsp;North Albania Boat. By booking a tour with us through&nbsp;Bokun.io, you agree to the following Terms &amp; Conditions. Please read them carefully. 1. Booking &amp; Payment 1.1. All clients must complete their booking online through our website. Bookings not made online cannot be secured, and availability on the boat cannot be &#8230; <a title=\"Kushtet dhe Rregullat\" class=\"read-more\" href=\"https:\/\/northa.growdevs.com\/sq\/termat-dhe-kushtet\/\" aria-label=\"Read more about Terms and Conditions\">Read more<\/a><\/p>","protected":false},"author":1,"featured_media":0,"parent":0,"menu_order":0,"comment_status":"closed","ping_status":"closed","template":"","meta":{"_acf_changed":false,"inline_featured_image":false,"footnotes":""},"class_list":["post-23669","page","type-page","status-publish"],"acf":[],"yoast_head":"<!-- This site is optimized with the Yoast SEO plugin v26.3 - https:\/\/yoast.com\/wordpress\/plugins\/seo\/ -->\n<title>Terms and Conditions - North Albania Boat<\/title>\n<meta name=\"robots\" content=\"index, follow, max-snippet:-1, max-image-preview:large, max-video-preview:-1\" \/>\n<link rel=\"canonical\" href=\"https:\/\/northa.growdevs.com\/sq\/termat-dhe-kushtet\/\" \/>\n<meta property=\"og:locale\" content=\"sq_AL\" \/>\n<meta property=\"og:type\" content=\"article\" \/>\n<meta property=\"og:title\" content=\"Terms and Conditions - North Albania Boat\" \/>\n<meta property=\"og:description\" content=\"Terms and Conditions Welcome to&nbsp;North Albania Boat. By booking a tour with us through&nbsp;Bokun.io, you agree to the following Terms &amp; Conditions. Please read them carefully. 1. Booking &amp; Payment 1.1. All clients must complete their booking online through our website. Bookings not made online cannot be secured, and availability on the boat cannot be ... Read more\" \/>\n<meta property=\"og:url\" content=\"https:\/\/northa.growdevs.com\/sq\/termat-dhe-kushtet\/\" \/>\n<meta property=\"og:site_name\" content=\"North Albania Boat\" \/>\n<meta property=\"article:publisher\" content=\"https:\/\/www.facebook.com\/NorthAlbaniaBoat\/\" \/>\n<meta property=\"article:modified_time\" content=\"2025-12-20T22:13:51+00:00\" \/>\n<meta property=\"og:image\" content=\"https:\/\/northa.growdevs.com\/wp-content\/uploads\/2025\/07\/north-albania-slide-hq-scaled-1.jpg\" \/>\n\t<meta property=\"og:image:width\" content=\"2560\" \/>\n\t<meta property=\"og:image:height\" content=\"1465\" \/>\n\t<meta property=\"og:image:type\" content=\"image\/jpeg\" \/>\n<meta name=\"twitter:card\" content=\"summary_large_image\" \/>\n<meta name=\"twitter:site\" content=\"@NorthAlbBoat\" \/>\n<meta name=\"twitter:label1\" content=\"Est. reading time\" \/>\n\t<meta name=\"twitter:data1\" content=\"2 minuta\" \/>\n<script type=\"application\/ld+json\" class=\"yoast-schema-graph\">{\"@context\":\"https:\/\/schema.org\",\"@graph\":[{\"@type\":\"WebPage\",\"@id\":\"https:\/\/northa.growdevs.com\/terms-and-conditions\/\",\"url\":\"https:\/\/northa.growdevs.com\/terms-and-conditions\/\",\"name\":\"Terms and Conditions - North Albania Boat\",\"isPartOf\":{\"@id\":\"https:\/\/northa.growdevs.com\/#website\"},\"datePublished\":\"2025-07-23T13:48:21+00:00\",\"dateModified\":\"2025-12-20T22:13:51+00:00\",\"breadcrumb\":{\"@id\":\"https:\/\/northa.growdevs.com\/terms-and-conditions\/#breadcrumb\"},\"inLanguage\":\"sq\",\"potentialAction\":[{\"@type\":\"ReadAction\",\"target\":[\"https:\/\/northa.growdevs.com\/terms-and-conditions\/\"]}]},{\"@type\":\"BreadcrumbList\",\"@id\":\"https:\/\/northa.growdevs.com\/terms-and-conditions\/#breadcrumb\",\"itemListElement\":[{\"@type\":\"ListItem\",\"position\":1,\"name\":\"Home\",\"item\":\"https:\/\/northa.growdevs.com\/\"},{\"@type\":\"ListItem\",\"position\":2,\"name\":\"Terms and Conditions\"}]},{\"@type\":\"WebSite\",\"@id\":\"https:\/\/northa.growdevs.com\/#website\",\"url\":\"https:\/\/northa.growdevs.com\/\",\"name\":\"North Albania Boat\",\"description\":\"Visit Komani Lake and Shala River by Safari Boat\",\"publisher\":{\"@id\":\"https:\/\/northa.growdevs.com\/#organization\"},\"alternateName\":\"Komani Lake & Shala River Tours\",\"potentialAction\":[{\"@type\":\"SearchAction\",\"target\":{\"@type\":\"EntryPoint\",\"urlTemplate\":\"https:\/\/northa.growdevs.com\/?s={search_term_string}\"},\"query-input\":{\"@type\":\"PropertyValueSpecification\",\"valueRequired\":true,\"valueName\":\"search_term_string\"}}],\"inLanguage\":\"sq\"},{\"@type\":\"Organization\",\"@id\":\"https:\/\/northa.growdevs.com\/#organization\",\"name\":\"North Albania Boat\",\"url\":\"https:\/\/northa.growdevs.com\/\",\"logo\":{\"@type\":\"ImageObject\",\"inLanguage\":\"sq\",\"@id\":\"https:\/\/northa.growdevs.com\/#\/schema\/logo\/image\/\",\"url\":\"https:\/\/northa.growdevs.com\/wp-content\/uploads\/2025\/07\/logo.svg\",\"contentUrl\":\"https:\/\/northa.growdevs.com\/wp-content\/uploads\/2025\/07\/logo.svg\",\"width\":1280,\"height\":587,\"caption\":\"North Albania Boat\"},\"image\":{\"@id\":\"https:\/\/northa.growdevs.com\/#\/schema\/logo\/image\/\"},\"sameAs\":[\"https:\/\/www.facebook.com\/NorthAlbaniaBoat\/\",\"https:\/\/x.com\/NorthAlbBoat\",\"https:\/\/www.instagram.com\/northalbaniaboat\/\",\"https:\/\/www.youtube.com\/@NorthAlbaniaBoat\"]}]}<\/script>\n<!-- \/ Yoast SEO plugin. -->","yoast_head_json":{"title":"Kushtet dhe Afatet - Vark\u00eb n\u00eb Shqip\u00ebrin\u00eb Veriore","robots":{"index":"index","follow":"follow","max-snippet":"max-snippet:-1","max-image-preview":"max-image-preview:large","max-video-preview":"max-video-preview:-1"},"canonical":"https:\/\/northa.growdevs.com\/sq\/termat-dhe-kushtet\/","og_locale":"sq_AL","og_type":"article","og_title":"Terms and Conditions - North Albania Boat","og_description":"Terms and Conditions Welcome to&nbsp;North Albania Boat. By booking a tour with us through&nbsp;Bokun.io, you agree to the following Terms &amp; Conditions. Please read them carefully. 1. Booking &amp; Payment 1.1. All clients must complete their booking online through our website. Bookings not made online cannot be secured, and availability on the boat cannot be ... Read more","og_url":"https:\/\/northa.growdevs.com\/sq\/termat-dhe-kushtet\/","og_site_name":"North Albania Boat","article_publisher":"https:\/\/www.facebook.com\/NorthAlbaniaBoat\/","article_modified_time":"2025-12-20T22:13:51+00:00","og_image":[{"width":2560,"height":1465,"url":"https:\/\/northa.growdevs.com\/wp-content\/uploads\/2025\/07\/north-albania-slide-hq-scaled-1.jpg","type":"image\/jpeg"}],"twitter_card":"summary_large_image","twitter_site":"@NorthAlbBoat","twitter_misc":{"Est. reading time":"2 minuta"},"schema":{"@context":"https:\/\/schema.org","@graph":[{"@type":"WebPage","@id":"https:\/\/northa.growdevs.com\/terms-and-conditions\/","url":"https:\/\/northa.growdevs.com\/terms-and-conditions\/","name":"Kushtet dhe Afatet - Vark\u00eb n\u00eb Shqip\u00ebrin\u00eb Veriore","isPartOf":{"@id":"https:\/\/northa.growdevs.com\/#website"},"datePublished":"2025-07-23T13:48:21+00:00","dateModified":"2025-12-20T22:13:51+00:00","breadcrumb":{"@id":"https:\/\/northa.growdevs.com\/terms-and-conditions\/#breadcrumb"},"inLanguage":"sq","potentialAction":[{"@type":"ReadAction","target":["https:\/\/northa.growdevs.com\/terms-and-conditions\/"]}]},{"@type":"BreadcrumbList","@id":"https:\/\/northa.growdevs.com\/terms-and-conditions\/#breadcrumb","itemListElement":[{"@type":"ListItem","position":1,"name":"Home","item":"https:\/\/northa.growdevs.com\/"},{"@type":"ListItem","position":2,"name":"Terms and Conditions"}]},{"@type":"WebSite","@id":"https:\/\/northa.growdevs.com\/#website","url":"https:\/\/northa.growdevs.com\/","name":"Vark\u00eb e Shqip\u00ebris\u00eb Veriore","description":"Vizitoni Liqenin e Komanit dhe Lumin e Shal\u00ebs me Vark\u00eb Safari","publisher":{"@id":"https:\/\/northa.growdevs.com\/#organization"},"alternateName":"Komani Lake & Shala River Tours","potentialAction":[{"@type":"SearchAction","target":{"@type":"EntryPoint","urlTemplate":"https:\/\/northa.growdevs.com\/?s={search_term_string}"},"query-input":{"@type":"PropertyValueSpecification","valueRequired":true,"valueName":"search_term_string"}}],"inLanguage":"sq"},{"@type":"Organization","@id":"https:\/\/northa.growdevs.com\/#organization","name":"Vark\u00eb e Shqip\u00ebris\u00eb Veriore","url":"https:\/\/northa.growdevs.com\/","logo":{"@type":"ImageObject","inLanguage":"sq","@id":"https:\/\/northa.growdevs.com\/#\/schema\/logo\/image\/","url":"https:\/\/northa.growdevs.com\/wp-content\/uploads\/2025\/07\/logo.svg","contentUrl":"https:\/\/northa.growdevs.com\/wp-content\/uploads\/2025\/07\/logo.svg","width":1280,"height":587,"caption":"North Albania Boat"},"image":{"@id":"https:\/\/northa.growdevs.com\/#\/schema\/logo\/image\/"},"sameAs":["https:\/\/www.facebook.com\/NorthAlbaniaBoat\/","https:\/\/x.com\/NorthAlbBoat","https:\/\/www.instagram.com\/northalbaniaboat\/","https:\/\/www.youtube.com\/@NorthAlbaniaBoat"]}]}},"_links":{"self":[{"href":"https:\/\/northa.growdevs.com\/sq\/wp-json\/wp\/v2\/pages\/23669","targetHints":{"allow":["GET"]}}],"collection":[{"href":"https:\/\/northa.growdevs.com\/sq\/wp-json\/wp\/v2\/pages"}],"about":[{"href":"https:\/\/northa.growdevs.com\/sq\/wp-json\/wp\/v2\/types\/page"}],"author":[{"embeddable":true,"href":"https:\/\/northa.growdevs.com\/sq\/wp-json\/wp\/v2\/users\/1"}],"replies":[{"embeddable":true,"href":"https:\/\/northa.growdevs.com\/sq\/wp-json\/wp\/v2\/comments?post=23669"}],"version-history":[{"count":6,"href":"https:\/\/northa.growdevs.com\/sq\/wp-json\/wp\/v2\/pages\/23669\/revisions"}],"predecessor-version":[{"id":24633,"href":"https:\/\/northa.growdevs.com\/sq\/wp-json\/wp\/v2\/pages\/23669\/revisions\/24633"}],"wp:attachment":[{"href":"https:\/\/northa.growdevs.com\/sq\/wp-json\/wp\/v2\/media?parent=23669"}],"curies":[{"name":"wp","href":"https:\/\/api.w.org\/{rel}","templated":true}]}}